{"id":1007157,"date":"2026-04-15T10:13:52","date_gmt":"2026-04-15T10:13:52","guid":{"rendered":"https:\/\/viruplant.ee\/?post_type=product&#038;p=1007157"},"modified":"2026-04-15T10:13:52","modified_gmt":"2026-04-15T10:13:52","slug":"vaarikas-heritage","status":"publish","type":"product","link":"https:\/\/viruplant.ee\/ru\/product\/vaarikas-heritage\/","title":{"rendered":"Vaarikas &#8216;Heritage&#8217;"},"content":{"rendered":"<div class=\"vgblk-rw-wrapper limit-wrapper\"><strong>Vaarikas &#8216;Heritage&#8217; (Rubus idaeus)<\/strong><\/div>\n<p><!-- .vgblk-rw-wrapper --><\/p>\n","protected":false},"excerpt":{"rendered":"<p><strong>Vaarikas &#8216;Heritage&#8217; (Rubus idaeus)<\/strong><br \/>\nS\u00fcgisvaarikas (remontantne sort). Vaarikas &#8216;Heritage&#8217; annab saaki sama aasta v\u00f5rsetel. Marjad on mahlased ja meeldiva maitsega. Sobib h\u00e4sti nii v\u00e4rskelt s\u00f6\u00f6miseks kui ka hoidiste valmistamiseks.<\/p>\n","protected":false},"featured_media":1006530,"template":"","meta":{"inline_featured_image":false},"product_brand":[],"product_cat":[1043,988,1032],"product_tag":[],"class_list":{"0":"post-1007157","1":"product","2":"type-product","3":"status-publish","4":"has-post-thumbnail","6":"product_cat-vaarikad","7":"product_cat-viljapuud-ja-marjapoosad","8":"product_cat-marjapoosad","10":"first","11":"instock","12":"shipping-taxable","13":"purchasable","14":"product-type-simple"},"_links":{"self":[{"href":"https:\/\/viruplant.ee\/ru\/wp-json\/wp\/v2\/product\/1007157","targetHints":{"allow":["GET"]}}],"collection":[{"href":"https:\/\/viruplant.ee\/ru\/wp-json\/wp\/v2\/product"}],"about":[{"href":"https:\/\/viruplant.ee\/ru\/wp-json\/wp\/v2\/types\/product"}],"wp:featuredmedia":[{"embeddable":true,"href":"https:\/\/viruplant.ee\/ru\/wp-json\/wp\/v2\/media\/1006530"}],"wp:attachment":[{"href":"https:\/\/viruplant.ee\/ru\/wp-json\/wp\/v2\/media?parent=1007157"}],"wp:term":[{"taxonomy":"product_brand","embeddable":true,"href":"https:\/\/viruplant.ee\/ru\/wp-json\/wp\/v2\/product_brand?post=1007157"},{"taxonomy":"product_cat","embeddable":true,"href":"https:\/\/viruplant.ee\/ru\/wp-json\/wp\/v2\/product_cat?post=1007157"},{"taxonomy":"product_tag","embeddable":true,"href":"https:\/\/viruplant.ee\/ru\/wp-json\/wp\/v2\/product_tag?post=1007157"}],"curies":[{"name":"wp","href":"https:\/\/api.w.org\/{rel}","templated":true}]}}