{"id":1007152,"date":"2026-04-15T09:53:09","date_gmt":"2026-04-15T09:53:09","guid":{"rendered":"https:\/\/viruplant.ee\/?post_type=product&#038;p=1007152"},"modified":"2026-04-15T09:53:09","modified_gmt":"2026-04-15T09:53:09","slug":"vaarikas-malling-promise","status":"publish","type":"product","link":"https:\/\/viruplant.ee\/ru\/product\/vaarikas-malling-promise\/","title":{"rendered":"Vaarikas &#8216;Malling Promise&#8217;"},"content":{"rendered":"<div class=\"vgblk-rw-wrapper limit-wrapper\"><strong>Vaarikas &#8216;Malling Promise&#8217; (Rubus idaeus)<\/strong><\/div>\n<p><!-- .vgblk-rw-wrapper --><\/p>\n","protected":false},"excerpt":{"rendered":"<p><strong>Vaarikas &#8216;Malling Promise&#8217; (Rubus idaeus)<\/strong><br \/>\nVaarikas &#8216;Malling Promise&#8217; on varajane sort, mis annab juba hooaja alguses rikkalikult suuri ja maitsvaid marju. Ideaalne nii v\u00e4rskeks tarbimiseks kui ka mooside ja mahlade valmistamiseks. Lihtne hooldada ja usaldusv\u00e4\u00e4rne valik igasse aeda.<\/p>\n","protected":false},"featured_media":1006512,"template":"","meta":{"inline_featured_image":false},"product_brand":[],"product_cat":[1043,988,1032],"product_tag":[],"class_list":{"0":"post-1007152","1":"product","2":"type-product","3":"status-publish","4":"has-post-thumbnail","6":"product_cat-vaarikad","7":"product_cat-viljapuud-ja-marjapoosad","8":"product_cat-marjapoosad","10":"first","11":"instock","12":"shipping-taxable","13":"purchasable","14":"product-type-simple"},"_links":{"self":[{"href":"https:\/\/viruplant.ee\/ru\/wp-json\/wp\/v2\/product\/1007152","targetHints":{"allow":["GET"]}}],"collection":[{"href":"https:\/\/viruplant.ee\/ru\/wp-json\/wp\/v2\/product"}],"about":[{"href":"https:\/\/viruplant.ee\/ru\/wp-json\/wp\/v2\/types\/product"}],"wp:featuredmedia":[{"embeddable":true,"href":"https:\/\/viruplant.ee\/ru\/wp-json\/wp\/v2\/media\/1006512"}],"wp:attachment":[{"href":"https:\/\/viruplant.ee\/ru\/wp-json\/wp\/v2\/media?parent=1007152"}],"wp:term":[{"taxonomy":"product_brand","embeddable":true,"href":"https:\/\/viruplant.ee\/ru\/wp-json\/wp\/v2\/product_brand?post=1007152"},{"taxonomy":"product_cat","embeddable":true,"href":"https:\/\/viruplant.ee\/ru\/wp-json\/wp\/v2\/product_cat?post=1007152"},{"taxonomy":"product_tag","embeddable":true,"href":"https:\/\/viruplant.ee\/ru\/wp-json\/wp\/v2\/product_tag?post=1007152"}],"curies":[{"name":"wp","href":"https:\/\/api.w.org\/{rel}","templated":true}]}}