{"id":1007149,"date":"2026-04-15T09:39:49","date_gmt":"2026-04-15T09:39:49","guid":{"rendered":"https:\/\/viruplant.ee\/?post_type=product&#038;p=1007149"},"modified":"2026-04-15T09:39:50","modified_gmt":"2026-04-15T09:39:50","slug":"valge-sostar-werdavia","status":"publish","type":"product","link":"https:\/\/viruplant.ee\/ru\/product\/valge-sostar-werdavia\/","title":{"rendered":"Valge s\u00f5star &#8216;Werdavia&#8217;"},"content":{"rendered":"<div class=\"vgblk-rw-wrapper limit-wrapper\"><strong>Valge s\u00f5star &#8216;Werdavia&#8217; (Ribes rubrum)<\/strong><\/div>\n<p><!-- .vgblk-rw-wrapper --><\/p>\n","protected":false},"excerpt":{"rendered":"<p><strong>Valge s\u00f5star &#8216;Werdavia&#8217; (Ribes rubrum)<\/strong><br \/>\nValge s\u00f5star &#8216;Werdavia&#8217; on hea saagikusega sort, mille marjad on heledad ja maheda maitsega. Sobib suurep\u00e4raselt nii v\u00e4rskeks tarbimiseks kui ka dessertidesse. Lihtne hooldada ja usaldusv\u00e4\u00e4rne valik igasse aeda.<\/p>\n","protected":false},"featured_media":1002463,"template":"","meta":{"inline_featured_image":false},"product_brand":[],"product_cat":[1041,988,1032],"product_tag":[],"class_list":{"0":"post-1007149","1":"product","2":"type-product","3":"status-publish","4":"has-post-thumbnail","6":"product_cat-valged-sostrad","7":"product_cat-viljapuud-ja-marjapoosad","8":"product_cat-marjapoosad","10":"first","11":"instock","12":"shipping-taxable","13":"purchasable","14":"product-type-simple"},"_links":{"self":[{"href":"https:\/\/viruplant.ee\/ru\/wp-json\/wp\/v2\/product\/1007149","targetHints":{"allow":["GET"]}}],"collection":[{"href":"https:\/\/viruplant.ee\/ru\/wp-json\/wp\/v2\/product"}],"about":[{"href":"https:\/\/viruplant.ee\/ru\/wp-json\/wp\/v2\/types\/product"}],"wp:featuredmedia":[{"embeddable":true,"href":"https:\/\/viruplant.ee\/ru\/wp-json\/wp\/v2\/media\/1002463"}],"wp:attachment":[{"href":"https:\/\/viruplant.ee\/ru\/wp-json\/wp\/v2\/media?parent=1007149"}],"wp:term":[{"taxonomy":"product_brand","embeddable":true,"href":"https:\/\/viruplant.ee\/ru\/wp-json\/wp\/v2\/product_brand?post=1007149"},{"taxonomy":"product_cat","embeddable":true,"href":"https:\/\/viruplant.ee\/ru\/wp-json\/wp\/v2\/product_cat?post=1007149"},{"taxonomy":"product_tag","embeddable":true,"href":"https:\/\/viruplant.ee\/ru\/wp-json\/wp\/v2\/product_tag?post=1007149"}],"curies":[{"name":"wp","href":"https:\/\/api.w.org\/{rel}","templated":true}]}}