{"id":1007147,"date":"2026-04-15T09:32:07","date_gmt":"2026-04-15T09:32:07","guid":{"rendered":"https:\/\/viruplant.ee\/?post_type=product&#038;p=1007147"},"modified":"2026-04-15T09:32:07","modified_gmt":"2026-04-15T09:32:07","slug":"valge-sostar-versailles-blanche","status":"publish","type":"product","link":"https:\/\/viruplant.ee\/ru\/product\/valge-sostar-versailles-blanche\/","title":{"rendered":"Valge s\u00f5star &#8216;Versailles Blanche&#8217;"},"content":{"rendered":"<div class=\"vgblk-rw-wrapper limit-wrapper\"><strong>Valge s\u00f5star &#8216;Versailles Blanche&#8217; (Ribes rubrum)<\/strong><\/div>\n<p><!-- .vgblk-rw-wrapper --><\/p>\n","protected":false},"excerpt":{"rendered":"<p><strong>Valge s\u00f5star &#8216;Versailles Blanche&#8217; (Ribes rubrum)<\/strong><br \/>\nValge s\u00f5star &#8216;Versailles Blanche&#8217; on keskvalmiv ja saagikas sort, mis annab heledad ja maheda maitsega marjad. Sobib h\u00e4sti nii v\u00e4rskelt s\u00f6\u00f6miseks kui ka magustoitudesse. Vastupidav ja v\u00e4hen\u00f5udlik taim, mis sobib h\u00e4sti Eesti kliimasse.<\/p>\n","protected":false},"featured_media":1006498,"template":"","meta":{"inline_featured_image":false},"product_brand":[],"product_cat":[1041,988,1032],"product_tag":[],"class_list":{"0":"post-1007147","1":"product","2":"type-product","3":"status-publish","4":"has-post-thumbnail","6":"product_cat-valged-sostrad","7":"product_cat-viljapuud-ja-marjapoosad","8":"product_cat-marjapoosad","10":"first","11":"instock","12":"shipping-taxable","13":"purchasable","14":"product-type-simple"},"_links":{"self":[{"href":"https:\/\/viruplant.ee\/ru\/wp-json\/wp\/v2\/product\/1007147","targetHints":{"allow":["GET"]}}],"collection":[{"href":"https:\/\/viruplant.ee\/ru\/wp-json\/wp\/v2\/product"}],"about":[{"href":"https:\/\/viruplant.ee\/ru\/wp-json\/wp\/v2\/types\/product"}],"wp:featuredmedia":[{"embeddable":true,"href":"https:\/\/viruplant.ee\/ru\/wp-json\/wp\/v2\/media\/1006498"}],"wp:attachment":[{"href":"https:\/\/viruplant.ee\/ru\/wp-json\/wp\/v2\/media?parent=1007147"}],"wp:term":[{"taxonomy":"product_brand","embeddable":true,"href":"https:\/\/viruplant.ee\/ru\/wp-json\/wp\/v2\/product_brand?post=1007147"},{"taxonomy":"product_cat","embeddable":true,"href":"https:\/\/viruplant.ee\/ru\/wp-json\/wp\/v2\/product_cat?post=1007147"},{"taxonomy":"product_tag","embeddable":true,"href":"https:\/\/viruplant.ee\/ru\/wp-json\/wp\/v2\/product_tag?post=1007147"}],"curies":[{"name":"wp","href":"https:\/\/api.w.org\/{rel}","templated":true}]}}