{"id":1007136,"date":"2026-04-09T08:30:13","date_gmt":"2026-04-09T08:30:13","guid":{"rendered":"https:\/\/viruplant.ee\/?post_type=product&#038;p=1007136"},"modified":"2026-04-09T08:30:13","modified_gmt":"2026-04-09T08:30:13","slug":"punasesostar-rovada","status":"publish","type":"product","link":"https:\/\/viruplant.ee\/ru\/product\/punasesostar-rovada\/","title":{"rendered":"Punases\u00f5star &#8216;Rovada&#8217;"},"content":{"rendered":"<div class=\"vgblk-rw-wrapper limit-wrapper\"><strong>Punases\u00f5star &#8216;Rovada&#8217; (Ribes rubrum)<\/strong><br \/>\nPunases\u00f5star &#8216;Rovada&#8217; on hiline sort, mis valmib suve l\u00f5pus ning annab rikkalikult suuri ja mahlaseid marju pikkades kobarates. Ideaalne nii v\u00e4rskeks s\u00f6\u00f6miseks kui ka mahlade ja mooside valmistamiseks. Usaldusv\u00e4\u00e4rne ja lihtne hooldada.<\/div>\n<p><!-- .vgblk-rw-wrapper --><\/p>\n","protected":false},"excerpt":{"rendered":"<p><strong>Punases\u00f5star &#8216;Rovada&#8217; (Ribes rubrum)<\/strong><br \/>\nPunases\u00f5star &#8216;Rovada&#8217; on hiline sort, mis valmib suve l\u00f5pus ning annab rikkalikult suuri ja mahlaseid marju pikkades kobarates. Ideaalne nii v\u00e4rskeks s\u00f6\u00f6miseks kui ka mahlade ja mooside valmistamiseks. Usaldusv\u00e4\u00e4rne ja lihtne hooldada.<\/p>\n","protected":false},"featured_media":1006494,"template":"","meta":{"inline_featured_image":false},"product_brand":[],"product_cat":[1040,988,1032],"product_tag":[],"class_list":{"0":"post-1007136","1":"product","2":"type-product","3":"status-publish","4":"has-post-thumbnail","6":"product_cat-punasesostrad","7":"product_cat-viljapuud-ja-marjapoosad","8":"product_cat-marjapoosad","10":"first","11":"instock","12":"shipping-taxable","13":"purchasable","14":"product-type-simple"},"_links":{"self":[{"href":"https:\/\/viruplant.ee\/ru\/wp-json\/wp\/v2\/product\/1007136","targetHints":{"allow":["GET"]}}],"collection":[{"href":"https:\/\/viruplant.ee\/ru\/wp-json\/wp\/v2\/product"}],"about":[{"href":"https:\/\/viruplant.ee\/ru\/wp-json\/wp\/v2\/types\/product"}],"wp:featuredmedia":[{"embeddable":true,"href":"https:\/\/viruplant.ee\/ru\/wp-json\/wp\/v2\/media\/1006494"}],"wp:attachment":[{"href":"https:\/\/viruplant.ee\/ru\/wp-json\/wp\/v2\/media?parent=1007136"}],"wp:term":[{"taxonomy":"product_brand","embeddable":true,"href":"https:\/\/viruplant.ee\/ru\/wp-json\/wp\/v2\/product_brand?post=1007136"},{"taxonomy":"product_cat","embeddable":true,"href":"https:\/\/viruplant.ee\/ru\/wp-json\/wp\/v2\/product_cat?post=1007136"},{"taxonomy":"product_tag","embeddable":true,"href":"https:\/\/viruplant.ee\/ru\/wp-json\/wp\/v2\/product_tag?post=1007136"}],"curies":[{"name":"wp","href":"https:\/\/api.w.org\/{rel}","templated":true}]}}