{"id":1007135,"date":"2026-04-09T08:28:22","date_gmt":"2026-04-09T08:28:22","guid":{"rendered":"https:\/\/viruplant.ee\/?post_type=product&#038;p=1007135"},"modified":"2026-04-09T08:28:22","modified_gmt":"2026-04-09T08:28:22","slug":"punasesostar-jonkheer-van-tets","status":"publish","type":"product","link":"https:\/\/viruplant.ee\/ru\/product\/punasesostar-jonkheer-van-tets\/","title":{"rendered":"Punases\u00f5star &#8216;Jonkheer van Tets&#8217;"},"content":{"rendered":"<div class=\"vgblk-rw-wrapper limit-wrapper\"><strong>Punases\u00f5star &#8216;Jonkheer van Tets&#8217; (Ribes rubrum)<\/strong><br \/>\nPunases\u00f5star &#8216;Jonkheer van Tets&#8217; on varajane sort, mis valmib juba suve alguses ning annab rikkalikult suuri ja mahlaseid marju. Ideaalne nii v\u00e4rskeks s\u00f6\u00f6miseks kui ka hoidiste valmistamiseks. V\u00e4hen\u00f5udlik ja usaldusv\u00e4\u00e4rne taim igasse aeda.<\/div>\n<p><!-- .vgblk-rw-wrapper --><\/p>\n","protected":false},"excerpt":{"rendered":"<p><strong>Punases\u00f5star &#8216;Jonkheer van Tets&#8217; (Ribes rubrum)<\/strong><br \/>\nPunases\u00f5star &#8216;Jonkheer van Tets&#8217; on varajane sort, mis valmib juba suve alguses ning annab rikkalikult suuri ja mahlaseid marju. Ideaalne nii v\u00e4rskeks s\u00f6\u00f6miseks kui ka hoidiste valmistamiseks. V\u00e4hen\u00f5udlik ja usaldusv\u00e4\u00e4rne taim igasse aeda.<\/p>\n","protected":false},"featured_media":0,"template":"","meta":{"inline_featured_image":false},"product_brand":[],"product_cat":[1040,988,1032],"product_tag":[],"class_list":{"0":"post-1007135","1":"product","2":"type-product","3":"status-publish","5":"product_cat-punasesostrad","6":"product_cat-viljapuud-ja-marjapoosad","7":"product_cat-marjapoosad","9":"first","10":"instock","11":"shipping-taxable","12":"purchasable","13":"product-type-simple"},"_links":{"self":[{"href":"https:\/\/viruplant.ee\/ru\/wp-json\/wp\/v2\/product\/1007135","targetHints":{"allow":["GET"]}}],"collection":[{"href":"https:\/\/viruplant.ee\/ru\/wp-json\/wp\/v2\/product"}],"about":[{"href":"https:\/\/viruplant.ee\/ru\/wp-json\/wp\/v2\/types\/product"}],"wp:attachment":[{"href":"https:\/\/viruplant.ee\/ru\/wp-json\/wp\/v2\/media?parent=1007135"}],"wp:term":[{"taxonomy":"product_brand","embeddable":true,"href":"https:\/\/viruplant.ee\/ru\/wp-json\/wp\/v2\/product_brand?post=1007135"},{"taxonomy":"product_cat","embeddable":true,"href":"https:\/\/viruplant.ee\/ru\/wp-json\/wp\/v2\/product_cat?post=1007135"},{"taxonomy":"product_tag","embeddable":true,"href":"https:\/\/viruplant.ee\/ru\/wp-json\/wp\/v2\/product_tag?post=1007135"}],"curies":[{"name":"wp","href":"https:\/\/api.w.org\/{rel}","templated":true}]}}