{"id":1007134,"date":"2026-04-09T08:24:50","date_gmt":"2026-04-09T08:24:50","guid":{"rendered":"https:\/\/viruplant.ee\/?post_type=product&#038;p=1007134"},"modified":"2026-04-09T08:24:50","modified_gmt":"2026-04-09T08:24:50","slug":"mustsostar-intercontinental","status":"publish","type":"product","link":"https:\/\/viruplant.ee\/ru\/product\/mustsostar-intercontinental\/","title":{"rendered":"Musts\u00f5star &#8216;Intercontinental&#8217;"},"content":{"rendered":"<div class=\"vgblk-rw-wrapper limit-wrapper\"><strong>Musts\u00f5star &#8216;Intercontinental&#8217; (Ribes nigrum)<\/strong><br \/>\nMusts\u00f5star &#8216;Intercontinental&#8217; on usaldusv\u00e4\u00e4rne ja saagikas sort, mis annab suuri ning maitsvaid marju. Hea valik koduaeda ja marjade kasvatamiseks. Lihtne hooldada ning h\u00e4sti Eesti tingimustes kasvav taim.<\/div>\n<p><!-- .vgblk-rw-wrapper --><\/p>\n","protected":false},"excerpt":{"rendered":"<p><strong>Musts\u00f5star &#8216;Intercontinental&#8217; (Ribes nigrum)<\/strong><br \/>\nMusts\u00f5star &#8216;Intercontinental&#8217; on usaldusv\u00e4\u00e4rne ja saagikas sort, mis annab suuri ning maitsvaid marju. Hea valik koduaeda ja marjade kasvatamiseks. Lihtne hooldada ning h\u00e4sti Eesti tingimustes kasvav taim.<\/p>\n","protected":false},"featured_media":0,"template":"","meta":{"inline_featured_image":false},"product_brand":[],"product_cat":[1037,988,1032],"product_tag":[],"class_list":{"0":"post-1007134","1":"product","2":"type-product","3":"status-publish","5":"product_cat-mustsostrad","6":"product_cat-viljapuud-ja-marjapoosad","7":"product_cat-marjapoosad","9":"first","10":"instock","11":"shipping-taxable","12":"purchasable","13":"product-type-simple"},"_links":{"self":[{"href":"https:\/\/viruplant.ee\/ru\/wp-json\/wp\/v2\/product\/1007134","targetHints":{"allow":["GET"]}}],"collection":[{"href":"https:\/\/viruplant.ee\/ru\/wp-json\/wp\/v2\/product"}],"about":[{"href":"https:\/\/viruplant.ee\/ru\/wp-json\/wp\/v2\/types\/product"}],"wp:attachment":[{"href":"https:\/\/viruplant.ee\/ru\/wp-json\/wp\/v2\/media?parent=1007134"}],"wp:term":[{"taxonomy":"product_brand","embeddable":true,"href":"https:\/\/viruplant.ee\/ru\/wp-json\/wp\/v2\/product_brand?post=1007134"},{"taxonomy":"product_cat","embeddable":true,"href":"https:\/\/viruplant.ee\/ru\/wp-json\/wp\/v2\/product_cat?post=1007134"},{"taxonomy":"product_tag","embeddable":true,"href":"https:\/\/viruplant.ee\/ru\/wp-json\/wp\/v2\/product_tag?post=1007134"}],"curies":[{"name":"wp","href":"https:\/\/api.w.org\/{rel}","templated":true}]}}