{"id":1007128,"date":"2026-04-09T08:09:51","date_gmt":"2026-04-09T08:09:51","guid":{"rendered":"https:\/\/viruplant.ee\/?post_type=product&#038;p=1007128"},"modified":"2026-04-09T08:21:50","modified_gmt":"2026-04-09T08:21:50","slug":"mustsostar-titania","status":"publish","type":"product","link":"https:\/\/viruplant.ee\/ru\/product\/mustsostar-titania\/","title":{"rendered":"Musts\u00f5star &#8216;Titania&#8217;"},"content":{"rendered":"<div class=\"vgblk-rw-wrapper limit-wrapper\"><strong>Musts\u00f5star &#8216;Titania&#8217; (Ribes nigrum)<\/strong><br \/>\nMusts\u00f5star &#8216;Titania&#8217; on v\u00e4ga saagikas ja usaldusv\u00e4\u00e4rne sort, mis annab suuri ning aromaatseid marju. Hea valik nii v\u00e4rskelt s\u00f6\u00f6miseks kui ka hoidiste valmistamiseks. Vastupidav ja v\u00e4hen\u00f5udlik taim igasse aeda.<\/div>\n<p><!-- .vgblk-rw-wrapper --><\/p>\n","protected":false},"excerpt":{"rendered":"<p><strong>Musts\u00f5star &#8216;Titania&#8217; (Ribes nigrum)<\/strong><br \/>\nMusts\u00f5star &#8216;Titania&#8217; on v\u00e4ga saagikas ja usaldusv\u00e4\u00e4rne sort, mis annab suuri ning aromaatseid marju. Hea valik nii v\u00e4rskelt s\u00f6\u00f6miseks kui ka hoidiste valmistamiseks. Vastupidav ja v\u00e4hen\u00f5udlik taim igasse aeda.<\/p>\n","protected":false},"featured_media":1006491,"template":"","meta":{"inline_featured_image":false},"product_brand":[],"product_cat":[1037,988,1032],"product_tag":[],"class_list":{"0":"post-1007128","1":"product","2":"type-product","3":"status-publish","4":"has-post-thumbnail","6":"product_cat-mustsostrad","7":"product_cat-viljapuud-ja-marjapoosad","8":"product_cat-marjapoosad","10":"first","11":"instock","12":"shipping-taxable","13":"purchasable","14":"product-type-variable","15":"has-default-attributes"},"_links":{"self":[{"href":"https:\/\/viruplant.ee\/ru\/wp-json\/wp\/v2\/product\/1007128","targetHints":{"allow":["GET"]}}],"collection":[{"href":"https:\/\/viruplant.ee\/ru\/wp-json\/wp\/v2\/product"}],"about":[{"href":"https:\/\/viruplant.ee\/ru\/wp-json\/wp\/v2\/types\/product"}],"wp:featuredmedia":[{"embeddable":true,"href":"https:\/\/viruplant.ee\/ru\/wp-json\/wp\/v2\/media\/1006491"}],"wp:attachment":[{"href":"https:\/\/viruplant.ee\/ru\/wp-json\/wp\/v2\/media?parent=1007128"}],"wp:term":[{"taxonomy":"product_brand","embeddable":true,"href":"https:\/\/viruplant.ee\/ru\/wp-json\/wp\/v2\/product_brand?post=1007128"},{"taxonomy":"product_cat","embeddable":true,"href":"https:\/\/viruplant.ee\/ru\/wp-json\/wp\/v2\/product_cat?post=1007128"},{"taxonomy":"product_tag","embeddable":true,"href":"https:\/\/viruplant.ee\/ru\/wp-json\/wp\/v2\/product_tag?post=1007128"}],"curies":[{"name":"wp","href":"https:\/\/api.w.org\/{rel}","templated":true}]}}