{"id":1007125,"date":"2026-04-08T09:14:23","date_gmt":"2026-04-08T09:14:23","guid":{"rendered":"https:\/\/viruplant.ee\/?post_type=product&#038;p=1007125"},"modified":"2026-04-08T09:14:23","modified_gmt":"2026-04-08T09:14:23","slug":"punalehine-kibuvits-rosa-glauca","status":"publish","type":"product","link":"https:\/\/viruplant.ee\/ru\/product\/punalehine-kibuvits-rosa-glauca\/","title":{"rendered":"Punalehine kibuvits (Rosa glauca)"},"content":{"rendered":"<div class=\"vgblk-rw-wrapper limit-wrapper\"><strong>Punalehine kibuvits (Rosa glauca)<\/strong><br \/>\nPunalehine kibuvits on pilkup\u00fc\u00fcdev roos, mille erip\u00e4raks on punaka tooniga lehestik. Sobib suurep\u00e4raselt vabakujulistesse istutusaladesse ja loodusl\u00e4hedasse aeda. Lihtne hooldada ning h\u00e4sti Eesti kliimasse sobiv.<\/div>\n<p><!-- .vgblk-rw-wrapper --><\/p>\n","protected":false},"excerpt":{"rendered":"<p><strong>Punalehine kibuvits (Rosa glauca)<\/strong><br \/>\nPunalehine kibuvits on pilkup\u00fc\u00fcdev roos, mille erip\u00e4raks on punaka tooniga lehestik. Sobib suurep\u00e4raselt vabakujulistesse istutusaladesse ja loodusl\u00e4hedasse aeda. Lihtne hooldada ning h\u00e4sti Eesti kliimasse sobiv.<\/p>\n","protected":false},"featured_media":1007112,"template":"","meta":{"inline_featured_image":false},"product_brand":[],"product_cat":[1031,986],"product_tag":[],"class_list":{"0":"post-1007125","1":"product","2":"type-product","3":"status-publish","4":"has-post-thumbnail","6":"product_cat-looduslikud-roosid-kibuvitsad","7":"product_cat-roosid-2","9":"first","10":"instock","11":"shipping-taxable","12":"purchasable","13":"product-type-simple"},"_links":{"self":[{"href":"https:\/\/viruplant.ee\/ru\/wp-json\/wp\/v2\/product\/1007125","targetHints":{"allow":["GET"]}}],"collection":[{"href":"https:\/\/viruplant.ee\/ru\/wp-json\/wp\/v2\/product"}],"about":[{"href":"https:\/\/viruplant.ee\/ru\/wp-json\/wp\/v2\/types\/product"}],"wp:featuredmedia":[{"embeddable":true,"href":"https:\/\/viruplant.ee\/ru\/wp-json\/wp\/v2\/media\/1007112"}],"wp:attachment":[{"href":"https:\/\/viruplant.ee\/ru\/wp-json\/wp\/v2\/media?parent=1007125"}],"wp:term":[{"taxonomy":"product_brand","embeddable":true,"href":"https:\/\/viruplant.ee\/ru\/wp-json\/wp\/v2\/product_brand?post=1007125"},{"taxonomy":"product_cat","embeddable":true,"href":"https:\/\/viruplant.ee\/ru\/wp-json\/wp\/v2\/product_cat?post=1007125"},{"taxonomy":"product_tag","embeddable":true,"href":"https:\/\/viruplant.ee\/ru\/wp-json\/wp\/v2\/product_tag?post=1007125"}],"curies":[{"name":"wp","href":"https:\/\/api.w.org\/{rel}","templated":true}]}}