{"id":1007124,"date":"2026-04-08T09:13:00","date_gmt":"2026-04-08T09:13:00","guid":{"rendered":"https:\/\/viruplant.ee\/?post_type=product&#038;p=1007124"},"modified":"2026-04-08T09:13:01","modified_gmt":"2026-04-08T09:13:01","slug":"laiklehine-kibuvits-rosa-nitida","status":"publish","type":"product","link":"https:\/\/viruplant.ee\/ru\/product\/laiklehine-kibuvits-rosa-nitida\/","title":{"rendered":"L\u00e4iklehine kibuvits (Rosa nitida)"},"content":{"rendered":"<div class=\"vgblk-rw-wrapper limit-wrapper\"><strong>L\u00e4iklehine kibuvits (Rosa nitida)<\/strong><br \/>\nL\u00e4iklehine kibuvits on kompaktne ja tiheda kasvuga roos, mis sobib suurep\u00e4raselt madalate hekkide ja vabakujuliste istutuste jaoks. \u00d5itsemise ajal katab taim end roosade \u00f5itega ning s\u00fcgisel kaunistavad seda erksad viljad. Lihtne hooldada ja v\u00e4ga vastupidav.<\/div>\n<p><!-- .vgblk-rw-wrapper --><\/p>\n","protected":false},"excerpt":{"rendered":"<p><strong>L\u00e4iklehine kibuvits (Rosa nitida)<\/strong><br \/>\nL\u00e4iklehine kibuvits on kompaktne ja tiheda kasvuga roos, mis sobib suurep\u00e4raselt madalate hekkide ja vabakujuliste istutuste jaoks. \u00d5itsemise ajal katab taim end roosade \u00f5itega ning s\u00fcgisel kaunistavad seda erksad viljad. Lihtne hooldada ja v\u00e4ga vastupidav.<\/p>\n","protected":false},"featured_media":1007104,"template":"","meta":{"inline_featured_image":false},"product_brand":[],"product_cat":[1031,986],"product_tag":[],"class_list":{"0":"post-1007124","1":"product","2":"type-product","3":"status-publish","4":"has-post-thumbnail","6":"product_cat-looduslikud-roosid-kibuvitsad","7":"product_cat-roosid-2","9":"first","10":"instock","11":"shipping-taxable","12":"purchasable","13":"product-type-simple"},"_links":{"self":[{"href":"https:\/\/viruplant.ee\/ru\/wp-json\/wp\/v2\/product\/1007124","targetHints":{"allow":["GET"]}}],"collection":[{"href":"https:\/\/viruplant.ee\/ru\/wp-json\/wp\/v2\/product"}],"about":[{"href":"https:\/\/viruplant.ee\/ru\/wp-json\/wp\/v2\/types\/product"}],"wp:featuredmedia":[{"embeddable":true,"href":"https:\/\/viruplant.ee\/ru\/wp-json\/wp\/v2\/media\/1007104"}],"wp:attachment":[{"href":"https:\/\/viruplant.ee\/ru\/wp-json\/wp\/v2\/media?parent=1007124"}],"wp:term":[{"taxonomy":"product_brand","embeddable":true,"href":"https:\/\/viruplant.ee\/ru\/wp-json\/wp\/v2\/product_brand?post=1007124"},{"taxonomy":"product_cat","embeddable":true,"href":"https:\/\/viruplant.ee\/ru\/wp-json\/wp\/v2\/product_cat?post=1007124"},{"taxonomy":"product_tag","embeddable":true,"href":"https:\/\/viruplant.ee\/ru\/wp-json\/wp\/v2\/product_tag?post=1007124"}],"curies":[{"name":"wp","href":"https:\/\/api.w.org\/{rel}","templated":true}]}}