{"id":1007119,"date":"2026-04-08T09:07:51","date_gmt":"2026-04-08T09:07:51","guid":{"rendered":"https:\/\/viruplant.ee\/?post_type=product&#038;p=1007119"},"modified":"2026-04-08T09:07:51","modified_gmt":"2026-04-08T09:07:51","slug":"kurdlehine-kibuvits-rosa-rugosa","status":"publish","type":"product","link":"https:\/\/viruplant.ee\/ru\/product\/kurdlehine-kibuvits-rosa-rugosa\/","title":{"rendered":"Kurdlehine kibuvits (Rosa rugosa)"},"content":{"rendered":"<div class=\"vgblk-rw-wrapper limit-wrapper\"><strong>Kurdlehine kibuvits (Rosa rugosa)<\/strong><br \/>\nKurdlehine kibuvits on tugev ja vastupidav roos, mis sobib ideaalselt tiheda ja ilusa heki rajamiseks. Suured l\u00f5hnavad \u00f5ied ning silmapaistvad viljad lisavad aeda v\u00e4rvi ja struktuuri. Hea valik Eesti kliimasse \u2013 talub tuult, k\u00fclma ja linnatingimusi.<\/div>\n<p><!-- .vgblk-rw-wrapper --><\/p>\n","protected":false},"excerpt":{"rendered":"<p><strong>Kurdlehine kibuvits (Rosa rugosa)<\/strong><br \/>\nKurdlehine kibuvits on tugev ja vastupidav roos, mis sobib ideaalselt tiheda ja ilusa heki rajamiseks. Suured l\u00f5hnavad \u00f5ied ning silmapaistvad viljad lisavad aeda v\u00e4rvi ja struktuuri. Hea valik Eesti kliimasse \u2013 talub tuult, k\u00fclma ja linnatingimusi.<\/p>\n","protected":false},"featured_media":1007106,"template":"","meta":{"inline_featured_image":false},"product_brand":[],"product_cat":[1031,986],"product_tag":[],"class_list":{"0":"post-1007119","1":"product","2":"type-product","3":"status-publish","4":"has-post-thumbnail","6":"product_cat-looduslikud-roosid-kibuvitsad","7":"product_cat-roosid-2","9":"first","10":"instock","11":"shipping-taxable","12":"purchasable","13":"product-type-simple"},"_links":{"self":[{"href":"https:\/\/viruplant.ee\/ru\/wp-json\/wp\/v2\/product\/1007119","targetHints":{"allow":["GET"]}}],"collection":[{"href":"https:\/\/viruplant.ee\/ru\/wp-json\/wp\/v2\/product"}],"about":[{"href":"https:\/\/viruplant.ee\/ru\/wp-json\/wp\/v2\/types\/product"}],"wp:featuredmedia":[{"embeddable":true,"href":"https:\/\/viruplant.ee\/ru\/wp-json\/wp\/v2\/media\/1007106"}],"wp:attachment":[{"href":"https:\/\/viruplant.ee\/ru\/wp-json\/wp\/v2\/media?parent=1007119"}],"wp:term":[{"taxonomy":"product_brand","embeddable":true,"href":"https:\/\/viruplant.ee\/ru\/wp-json\/wp\/v2\/product_brand?post=1007119"},{"taxonomy":"product_cat","embeddable":true,"href":"https:\/\/viruplant.ee\/ru\/wp-json\/wp\/v2\/product_cat?post=1007119"},{"taxonomy":"product_tag","embeddable":true,"href":"https:\/\/viruplant.ee\/ru\/wp-json\/wp\/v2\/product_tag?post=1007119"}],"curies":[{"name":"wp","href":"https:\/\/api.w.org\/{rel}","templated":true}]}}