{"id":1007118,"date":"2026-04-08T09:06:09","date_gmt":"2026-04-08T09:06:09","guid":{"rendered":"https:\/\/viruplant.ee\/?post_type=product&#038;p=1007118"},"modified":"2026-04-08T09:06:09","modified_gmt":"2026-04-08T09:06:09","slug":"rohkeoieline-kibuvits-rosa-multiflora","status":"publish","type":"product","link":"https:\/\/viruplant.ee\/ru\/product\/rohkeoieline-kibuvits-rosa-multiflora\/","title":{"rendered":"Rohke\u00f5ieline kibuvits (Rosa multiflora)"},"content":{"rendered":"<div class=\"vgblk-rw-wrapper limit-wrapper\"><strong>Rohke\u00f5ieline kibuvits (Rosa multiflora)<\/strong><br \/>\nRohke\u00f5ieline kibuvits on kaunilt ja rikkalikult \u00f5itsev looduslik roos, mis sobib suurep\u00e4raselt vabakujulisteks hekkideks ja loodusl\u00e4hedasse aeda. \u00d5itsemise ajal katab taim end v\u00e4ikeste l\u00f5hnavate \u00f5itega, luues kerge ja romantilise ilme. Vastupidav ning lihtne hooldada.<\/div>\n<p><!-- .vgblk-rw-wrapper --><\/p>\n","protected":false},"excerpt":{"rendered":"<p><strong>Rohke\u00f5ieline kibuvits (Rosa multiflora)<\/strong><br \/>\nRohke\u00f5ieline kibuvits on kaunilt ja rikkalikult \u00f5itsev looduslik roos, mis sobib suurep\u00e4raselt vabakujulisteks hekkideks ja loodusl\u00e4hedasse aeda. \u00d5itsemise ajal katab taim end v\u00e4ikeste l\u00f5hnavate \u00f5itega, luues kerge ja romantilise ilme. Vastupidav ning lihtne hooldada.<\/p>\n","protected":false},"featured_media":1007114,"template":"","meta":{"inline_featured_image":false},"product_brand":[],"product_cat":[1031,986],"product_tag":[],"class_list":{"0":"post-1007118","1":"product","2":"type-product","3":"status-publish","4":"has-post-thumbnail","6":"product_cat-looduslikud-roosid-kibuvitsad","7":"product_cat-roosid-2","9":"first","10":"instock","11":"shipping-taxable","12":"purchasable","13":"product-type-simple"},"_links":{"self":[{"href":"https:\/\/viruplant.ee\/ru\/wp-json\/wp\/v2\/product\/1007118","targetHints":{"allow":["GET"]}}],"collection":[{"href":"https:\/\/viruplant.ee\/ru\/wp-json\/wp\/v2\/product"}],"about":[{"href":"https:\/\/viruplant.ee\/ru\/wp-json\/wp\/v2\/types\/product"}],"wp:featuredmedia":[{"embeddable":true,"href":"https:\/\/viruplant.ee\/ru\/wp-json\/wp\/v2\/media\/1007114"}],"wp:attachment":[{"href":"https:\/\/viruplant.ee\/ru\/wp-json\/wp\/v2\/media?parent=1007118"}],"wp:term":[{"taxonomy":"product_brand","embeddable":true,"href":"https:\/\/viruplant.ee\/ru\/wp-json\/wp\/v2\/product_brand?post=1007118"},{"taxonomy":"product_cat","embeddable":true,"href":"https:\/\/viruplant.ee\/ru\/wp-json\/wp\/v2\/product_cat?post=1007118"},{"taxonomy":"product_tag","embeddable":true,"href":"https:\/\/viruplant.ee\/ru\/wp-json\/wp\/v2\/product_tag?post=1007118"}],"curies":[{"name":"wp","href":"https:\/\/api.w.org\/{rel}","templated":true}]}}