{"id":1007103,"date":"2026-04-08T09:02:49","date_gmt":"2026-04-08T09:02:49","guid":{"rendered":"https:\/\/viruplant.ee\/?post_type=product&#038;p=1007103"},"modified":"2026-04-08T09:02:49","modified_gmt":"2026-04-08T09:02:49","slug":"naarmekas-kibuvits-rosa-rubiginosa","status":"publish","type":"product","link":"https:\/\/viruplant.ee\/ru\/product\/naarmekas-kibuvits-rosa-rubiginosa\/","title":{"rendered":"N\u00e4\u00e4rmekas kibuvits (Rosa rubiginosa)"},"content":{"rendered":"<div class=\"vgblk-rw-wrapper limit-wrapper\"><strong>N\u00e4\u00e4rmekas kibuvits (Rosa rubiginosa)<\/strong><br \/>\nN\u00e4\u00e4rmekas kibuvits on vastupidav ja loodusl\u00e4hedase ilmega roos, mis sobib suurep\u00e4raselt hekkideks ja vabakujulistesse istutusaladesse. \u00d5rnalt l\u00f5hnavad \u00f5ied ja dekoratiivsed viljad annavad aiale ilu kogu hooajaks. V\u00e4hen\u00f5udlik ja h\u00e4sti Eesti kliimasse sobiv taim.<\/div>\n<p><!-- .vgblk-rw-wrapper --><\/p>\n","protected":false},"excerpt":{"rendered":"<p><strong>N\u00e4\u00e4rmekas kibuvits (Rosa rubiginosa)<\/strong><br \/>\nN\u00e4\u00e4rmekas kibuvits on vastupidav ja loodusl\u00e4hedase ilmega roos, mis sobib suurep\u00e4raselt hekkideks ja vabakujulistesse istutusaladesse. \u00d5rnalt l\u00f5hnavad \u00f5ied ja dekoratiivsed viljad annavad aiale ilu kogu hooajaks. V\u00e4hen\u00f5udlik ja h\u00e4sti Eesti kliimasse sobiv taim.<\/p>\n","protected":false},"featured_media":1007116,"template":"","meta":{"inline_featured_image":false},"product_brand":[],"product_cat":[1031,986],"product_tag":[],"class_list":{"0":"post-1007103","1":"product","2":"type-product","3":"status-publish","4":"has-post-thumbnail","6":"product_cat-looduslikud-roosid-kibuvitsad","7":"product_cat-roosid-2","9":"first","10":"instock","11":"shipping-taxable","12":"purchasable","13":"product-type-simple"},"_links":{"self":[{"href":"https:\/\/viruplant.ee\/ru\/wp-json\/wp\/v2\/product\/1007103","targetHints":{"allow":["GET"]}}],"collection":[{"href":"https:\/\/viruplant.ee\/ru\/wp-json\/wp\/v2\/product"}],"about":[{"href":"https:\/\/viruplant.ee\/ru\/wp-json\/wp\/v2\/types\/product"}],"wp:featuredmedia":[{"embeddable":true,"href":"https:\/\/viruplant.ee\/ru\/wp-json\/wp\/v2\/media\/1007116"}],"wp:attachment":[{"href":"https:\/\/viruplant.ee\/ru\/wp-json\/wp\/v2\/media?parent=1007103"}],"wp:term":[{"taxonomy":"product_brand","embeddable":true,"href":"https:\/\/viruplant.ee\/ru\/wp-json\/wp\/v2\/product_brand?post=1007103"},{"taxonomy":"product_cat","embeddable":true,"href":"https:\/\/viruplant.ee\/ru\/wp-json\/wp\/v2\/product_cat?post=1007103"},{"taxonomy":"product_tag","embeddable":true,"href":"https:\/\/viruplant.ee\/ru\/wp-json\/wp\/v2\/product_tag?post=1007103"}],"curies":[{"name":"wp","href":"https:\/\/api.w.org\/{rel}","templated":true}]}}