{"id":1006419,"date":"2025-04-30T07:30:24","date_gmt":"2025-04-30T07:30:24","guid":{"rendered":"https:\/\/viruplant.ee\/?post_type=product&#038;p=1006419"},"modified":"2026-03-13T06:35:34","modified_gmt":"2026-03-13T06:35:34","slug":"roos-ville-de-roeulx","status":"publish","type":"product","link":"https:\/\/viruplant.ee\/ru\/product\/roos-ville-de-roeulx\/","title":{"rendered":"Roos &#171;Ville de Roeulx&#187;"},"content":{"rendered":"<div class=\"vgblk-rw-wrapper limit-wrapper\"><strong>Roos &#171;Ville de Roeulx&#187;<br \/>\nSuurus: Taimepott P19<\/strong>\n<\/div>\n<p><!-- .vgblk-rw-wrapper --><\/p>\n","protected":false},"excerpt":{"rendered":"<p><strong>Roos &#171;Ville de Roeulx&#187;<br \/>\nSuurus: Taimepott P19<\/strong><br \/>\nRoos \u2018Ville de Roeulx\u2019 on kaunis ja silmapaistev Floribunda-t\u00fc\u00fcpi roos, mis toob aeda erkkollased, t\u00e4idetud rosetikujulised \u00f5ied. Ta on kompaktne ja h\u00e4sti harunev, kasvades umbes 70\u201380 cm k\u00f5rguseks ja 60\u201370 cm laiuseks.<br \/>\nRoos \u2018Ville de Roeulx\u2019 on suhteliselt k\u00fclmakindel ja talub h\u00e4sti k\u00fclma, kuid Eestis, kus talved v\u00f5ivad olla karmid, on soovitatav taime juureosa talveks kaitsta.<\/p>\n","protected":false},"featured_media":1006420,"template":"","meta":{"inline_featured_image":false},"product_brand":[],"product_cat":[986],"product_tag":[],"class_list":{"0":"post-1006419","1":"product","2":"type-product","3":"status-publish","4":"has-post-thumbnail","6":"product_cat-roosid-2","8":"first","9":"instock","10":"shipping-taxable","11":"purchasable","12":"product-type-simple"},"_links":{"self":[{"href":"https:\/\/viruplant.ee\/ru\/wp-json\/wp\/v2\/product\/1006419","targetHints":{"allow":["GET"]}}],"collection":[{"href":"https:\/\/viruplant.ee\/ru\/wp-json\/wp\/v2\/product"}],"about":[{"href":"https:\/\/viruplant.ee\/ru\/wp-json\/wp\/v2\/types\/product"}],"wp:featuredmedia":[{"embeddable":true,"href":"https:\/\/viruplant.ee\/ru\/wp-json\/wp\/v2\/media\/1006420"}],"wp:attachment":[{"href":"https:\/\/viruplant.ee\/ru\/wp-json\/wp\/v2\/media?parent=1006419"}],"wp:term":[{"taxonomy":"product_brand","embeddable":true,"href":"https:\/\/viruplant.ee\/ru\/wp-json\/wp\/v2\/product_brand?post=1006419"},{"taxonomy":"product_cat","embeddable":true,"href":"https:\/\/viruplant.ee\/ru\/wp-json\/wp\/v2\/product_cat?post=1006419"},{"taxonomy":"product_tag","embeddable":true,"href":"https:\/\/viruplant.ee\/ru\/wp-json\/wp\/v2\/product_tag?post=1006419"}],"curies":[{"name":"wp","href":"https:\/\/api.w.org\/{rel}","templated":true}]}}