{"id":1006416,"date":"2025-04-30T07:23:57","date_gmt":"2025-04-30T07:23:57","guid":{"rendered":"https:\/\/viruplant.ee\/?post_type=product&#038;p=1006416"},"modified":"2026-03-13T06:35:42","modified_gmt":"2026-03-13T06:35:42","slug":"roos-topolina","status":"publish","type":"product","link":"https:\/\/viruplant.ee\/ru\/product\/roos-topolina\/","title":{"rendered":"Roos &#171;Topolina&#187;"},"content":{"rendered":"<div class=\"vgblk-rw-wrapper limit-wrapper\"><strong>Roos &#171;Topolina&#187;<br \/>\nSuurus: Taimepott P19<\/strong>\n<\/div>\n<p><!-- .vgblk-rw-wrapper --><\/p>\n","protected":false},"excerpt":{"rendered":"<p><strong>Roos &#171;Topolina&#187;<br \/>\nSuurus: Taimepott P19<\/strong><br \/>\nRoos \u2018Topolina\u2019 on armas madal ja kompaktne pinnakatteroos, mis sobib h\u00e4sti v\u00e4iksematesse aedadesse, peenarde \u00e4\u00e4rtesse v\u00f5i isegi r\u00f5dukastidesse. \u00d5ied on v\u00e4iksemad, umbes 3\u20134 cm suurused, roosakas-kollaka varjundiga ja lihtsa ehitusega \u2013 avatud s\u00fcdamikuga, mis meelitab ligi tolmeldajaid nagu mesilased. &#8216;Topolina&#8217; kasvab madalalt \u2013 kuni 40 cm k\u00f5rguseks ja umbes 50 cm laiuseks, moodustades tiheda ja h\u00e4sti haruneva p\u00f5\u00f5sa. Ta on v\u00e4ga vastupidav nii haigustele kui ka k\u00fclmale \u2013 sobib h\u00e4sti ka Eesti kliimasse. Talveks v\u00f5ib k\u00fcll olla kasulik lisada kerge juurealune kaitse, eriti lagedal ja tuulisel kasvukohal.<\/p>\n","protected":false},"featured_media":1006417,"template":"","meta":{"inline_featured_image":false},"product_brand":[],"product_cat":[986],"product_tag":[],"class_list":{"0":"post-1006416","1":"product","2":"type-product","3":"status-publish","4":"has-post-thumbnail","6":"product_cat-roosid-2","8":"first","9":"instock","10":"shipping-taxable","11":"purchasable","12":"product-type-simple"},"_links":{"self":[{"href":"https:\/\/viruplant.ee\/ru\/wp-json\/wp\/v2\/product\/1006416","targetHints":{"allow":["GET"]}}],"collection":[{"href":"https:\/\/viruplant.ee\/ru\/wp-json\/wp\/v2\/product"}],"about":[{"href":"https:\/\/viruplant.ee\/ru\/wp-json\/wp\/v2\/types\/product"}],"wp:featuredmedia":[{"embeddable":true,"href":"https:\/\/viruplant.ee\/ru\/wp-json\/wp\/v2\/media\/1006417"}],"wp:attachment":[{"href":"https:\/\/viruplant.ee\/ru\/wp-json\/wp\/v2\/media?parent=1006416"}],"wp:term":[{"taxonomy":"product_brand","embeddable":true,"href":"https:\/\/viruplant.ee\/ru\/wp-json\/wp\/v2\/product_brand?post=1006416"},{"taxonomy":"product_cat","embeddable":true,"href":"https:\/\/viruplant.ee\/ru\/wp-json\/wp\/v2\/product_cat?post=1006416"},{"taxonomy":"product_tag","embeddable":true,"href":"https:\/\/viruplant.ee\/ru\/wp-json\/wp\/v2\/product_tag?post=1006416"}],"curies":[{"name":"wp","href":"https:\/\/api.w.org\/{rel}","templated":true}]}}