{"id":1006407,"date":"2025-04-30T07:10:02","date_gmt":"2025-04-30T07:10:02","guid":{"rendered":"https:\/\/viruplant.ee\/?post_type=product&#038;p=1006407"},"modified":"2026-03-13T06:37:02","modified_gmt":"2026-03-13T06:37:02","slug":"roos-stadt-rom","status":"publish","type":"product","link":"https:\/\/viruplant.ee\/ru\/product\/roos-stadt-rom\/","title":{"rendered":"Roos &#171;Stadt Rom&#187;"},"content":{"rendered":"<div class=\"vgblk-rw-wrapper limit-wrapper\"><strong>Roos &#171;Stadt Rom&#187;<br \/>\nSuurus: Taimepott P19<\/strong>\n<\/div>\n<p><!-- .vgblk-rw-wrapper --><\/p>\n","protected":false},"excerpt":{"rendered":"<p><strong>Roos &#171;Stadt Rom&#187;<br \/>\nSuurus: Taimepott P19<\/strong><br \/>\nRoos &#8216;Stadt Rom&#8217; on madal ja kompaktne pinnakatteroos, mis sobib h\u00e4sti n\u00e4iteks peenarde \u00e4\u00e4rtesse, kallakutele v\u00f5i massistutustesse. Teda iseloomustavad silmatorkavad roosad kuni neoonroosad liht\u00f5ied, mille keskelt paistavad v\u00e4lja kollased tolmukad \u2013 see annab lilledele eriti r\u00f5\u00f5msa ja v\u00e4rske ilme. &#8216;Stadt Rom&#8217; kasvab umbes 50\u201380 cm k\u00f5rguseks ja laiub kuni 60 cm.  Taim talub h\u00e4sti haigusi, eriti jahukastet ja musta laikp\u00f5letikku, mis on rooside puhul sagedased probleemid. Samuti peab ta h\u00e4sti vastu k\u00fclmale \u2013 kuni \u201320 kraadi \u2013 mis t\u00e4hendab, et Eesti tingimustes saab teda edukalt kasvatada. Talveks v\u00f5iks siiski lisada juurealusele kerge kaitse, n\u00e4iteks kuuseoksad<\/p>\n","protected":false},"featured_media":1006408,"template":"","meta":{"inline_featured_image":false},"product_brand":[],"product_cat":[986],"product_tag":[],"class_list":{"0":"post-1006407","1":"product","2":"type-product","3":"status-publish","4":"has-post-thumbnail","6":"product_cat-roosid-2","8":"first","9":"outofstock","10":"shipping-taxable","11":"purchasable","12":"product-type-simple"},"_links":{"self":[{"href":"https:\/\/viruplant.ee\/ru\/wp-json\/wp\/v2\/product\/1006407","targetHints":{"allow":["GET"]}}],"collection":[{"href":"https:\/\/viruplant.ee\/ru\/wp-json\/wp\/v2\/product"}],"about":[{"href":"https:\/\/viruplant.ee\/ru\/wp-json\/wp\/v2\/types\/product"}],"wp:featuredmedia":[{"embeddable":true,"href":"https:\/\/viruplant.ee\/ru\/wp-json\/wp\/v2\/media\/1006408"}],"wp:attachment":[{"href":"https:\/\/viruplant.ee\/ru\/wp-json\/wp\/v2\/media?parent=1006407"}],"wp:term":[{"taxonomy":"product_brand","embeddable":true,"href":"https:\/\/viruplant.ee\/ru\/wp-json\/wp\/v2\/product_brand?post=1006407"},{"taxonomy":"product_cat","embeddable":true,"href":"https:\/\/viruplant.ee\/ru\/wp-json\/wp\/v2\/product_cat?post=1006407"},{"taxonomy":"product_tag","embeddable":true,"href":"https:\/\/viruplant.ee\/ru\/wp-json\/wp\/v2\/product_tag?post=1006407"}],"curies":[{"name":"wp","href":"https:\/\/api.w.org\/{rel}","templated":true}]}}