{"id":1006403,"date":"2025-04-29T18:59:30","date_gmt":"2025-04-29T18:59:30","guid":{"rendered":"https:\/\/viruplant.ee\/?post_type=product&#038;p=1006403"},"modified":"2026-03-13T06:37:11","modified_gmt":"2026-03-13T06:37:11","slug":"roos-souvenir-de-baden-baden","status":"publish","type":"product","link":"https:\/\/viruplant.ee\/ru\/product\/roos-souvenir-de-baden-baden\/","title":{"rendered":"Roos &#171;Souvenir de Baden Baden&#187;"},"content":{"rendered":"<div class=\"vgblk-rw-wrapper limit-wrapper\"><strong>Roos &#171;Souvenir de Baden Baden&#187;<br \/>\nSuurus: Taimepott P19<\/strong>\n<\/div>\n<p><!-- .vgblk-rw-wrapper --><\/p>\n","protected":false},"excerpt":{"rendered":"<p><strong>Roos &#171;Souvenir de Baden Baden&#187;<br \/>\nSuurus: Taimepott P19<\/strong><br \/>\nRoos \u201eSouvenir de Baden-Baden\u201d on kaunis ja tugevalt l\u00f5hnav h\u00fcbriidtee roos. Tema suured kreemikasroosad \u00f5ied on klassikalise kujuga ja v\u00e4ga pilkup\u00fc\u00fcdvad. L\u00f5hn on v\u00e4ga tugev ja magus, meenutades puuvilju ja roose korraga. Taim ise on sirge kasvuga, umbes 1 meetri k\u00f5rgune, sobib h\u00e4sti peenrasse v\u00f5i l\u00f5ikeroosiks. \u00d5itseb korduvalt suvest s\u00fcgiseni ja talub h\u00e4sti haigusi.<br \/>\nEesti kliimas vajab talveks katmist \u2013 s\u00fcgisel kata juurekael mullaga ja lisa talvekate.<\/p>\n","protected":false},"featured_media":1006404,"template":"","meta":{"inline_featured_image":false},"product_brand":[],"product_cat":[986],"product_tag":[],"class_list":{"0":"post-1006403","1":"product","2":"type-product","3":"status-publish","4":"has-post-thumbnail","6":"product_cat-roosid-2","8":"first","9":"instock","10":"shipping-taxable","11":"purchasable","12":"product-type-simple"},"_links":{"self":[{"href":"https:\/\/viruplant.ee\/ru\/wp-json\/wp\/v2\/product\/1006403","targetHints":{"allow":["GET"]}}],"collection":[{"href":"https:\/\/viruplant.ee\/ru\/wp-json\/wp\/v2\/product"}],"about":[{"href":"https:\/\/viruplant.ee\/ru\/wp-json\/wp\/v2\/types\/product"}],"wp:featuredmedia":[{"embeddable":true,"href":"https:\/\/viruplant.ee\/ru\/wp-json\/wp\/v2\/media\/1006404"}],"wp:attachment":[{"href":"https:\/\/viruplant.ee\/ru\/wp-json\/wp\/v2\/media?parent=1006403"}],"wp:term":[{"taxonomy":"product_brand","embeddable":true,"href":"https:\/\/viruplant.ee\/ru\/wp-json\/wp\/v2\/product_brand?post=1006403"},{"taxonomy":"product_cat","embeddable":true,"href":"https:\/\/viruplant.ee\/ru\/wp-json\/wp\/v2\/product_cat?post=1006403"},{"taxonomy":"product_tag","embeddable":true,"href":"https:\/\/viruplant.ee\/ru\/wp-json\/wp\/v2\/product_tag?post=1006403"}],"curies":[{"name":"wp","href":"https:\/\/api.w.org\/{rel}","templated":true}]}}