{"id":1006393,"date":"2025-04-29T06:35:40","date_gmt":"2025-04-29T06:35:40","guid":{"rendered":"https:\/\/viruplant.ee\/?post_type=product&#038;p=1006393"},"modified":"2026-03-19T11:47:38","modified_gmt":"2026-03-19T11:47:38","slug":"roos-scented-memory","status":"publish","type":"product","link":"https:\/\/viruplant.ee\/ru\/product\/roos-scented-memory\/","title":{"rendered":"Roos &#171;Scented memory&#187;"},"content":{"rendered":"<div class=\"vgblk-rw-wrapper limit-wrapper\"><strong>Roos &#171;Scented memory&#187;<br \/>\nSuurus: Taimepott P19<\/strong>\n<\/div>\n<p><!-- .vgblk-rw-wrapper --><\/p>\n","protected":false},"excerpt":{"rendered":"<p><strong>Roos &#171;Scented memory&#187;<br \/>\nSuurus: Taimepott P19<\/strong><br \/>\nRoos \u201eScented Memory\u201d on apelsinikasvune h\u00fcbriidtee roos, mis \u00fchendab endas ilusad \u00f5ied, tugeva l\u00f5hna ja pika \u00f5itsemisperioodi. Selle on aretanud L. Pernille Olesen ja Mogens Nyegaard Olesen Taanis 1993. aastal ning tutvustatud 2005. aastal nime all \u201eScented Memory\u201d .\u200b Suured, t\u00e4idetud, aprikoosikasvused kuni roosakasoran\u017eid \u00f5ied, millel on valged v\u00e4liskroonlehed. \u00d5ite l\u00e4bim\u00f5\u00f5t on umbes 12\u201315 cm.<br \/>\nK\u00f5rgus: Umbes 90\u2013150 cm.  Taim talub k\u00fclma kuni umbes \u201315\u202f\u00b0C\u200b. Eestis vajab talveks kindlasti kaitset, n\u00e4iteks juurekaela katmist ja \u00f5hukest kattekihti.\u200b<\/p>\n","protected":false},"featured_media":1006394,"template":"","meta":{"inline_featured_image":false},"product_brand":[],"product_cat":[986,1026],"product_tag":[],"class_list":{"0":"post-1006393","1":"product","2":"type-product","3":"status-publish","4":"has-post-thumbnail","6":"product_cat-roosid-2","7":"product_cat-kliendid-valivad","9":"first","10":"instock","11":"shipping-taxable","12":"purchasable","13":"product-type-simple"},"_links":{"self":[{"href":"https:\/\/viruplant.ee\/ru\/wp-json\/wp\/v2\/product\/1006393","targetHints":{"allow":["GET"]}}],"collection":[{"href":"https:\/\/viruplant.ee\/ru\/wp-json\/wp\/v2\/product"}],"about":[{"href":"https:\/\/viruplant.ee\/ru\/wp-json\/wp\/v2\/types\/product"}],"wp:featuredmedia":[{"embeddable":true,"href":"https:\/\/viruplant.ee\/ru\/wp-json\/wp\/v2\/media\/1006394"}],"wp:attachment":[{"href":"https:\/\/viruplant.ee\/ru\/wp-json\/wp\/v2\/media?parent=1006393"}],"wp:term":[{"taxonomy":"product_brand","embeddable":true,"href":"https:\/\/viruplant.ee\/ru\/wp-json\/wp\/v2\/product_brand?post=1006393"},{"taxonomy":"product_cat","embeddable":true,"href":"https:\/\/viruplant.ee\/ru\/wp-json\/wp\/v2\/product_cat?post=1006393"},{"taxonomy":"product_tag","embeddable":true,"href":"https:\/\/viruplant.ee\/ru\/wp-json\/wp\/v2\/product_tag?post=1006393"}],"curies":[{"name":"wp","href":"https:\/\/api.w.org\/{rel}","templated":true}]}}