{"id":1006383,"date":"2025-04-28T18:59:29","date_gmt":"2025-04-28T18:59:29","guid":{"rendered":"https:\/\/viruplant.ee\/?post_type=product&#038;p=1006383"},"modified":"2026-03-19T11:46:16","modified_gmt":"2026-03-19T11:46:16","slug":"roos-rosengrafin-marie-henriette","status":"publish","type":"product","link":"https:\/\/viruplant.ee\/ru\/product\/roos-rosengrafin-marie-henriette\/","title":{"rendered":"Roos &#171;Rosengr\u00e4fin Marie Henriette&#187;"},"content":{"rendered":"<div class=\"vgblk-rw-wrapper limit-wrapper\"><strong>Roos &#171;Rosengr\u00e4fin Marie Henriette&#187;<br \/>\nSuurus: Taimepott P19<\/strong>\n<\/div>\n<p><!-- .vgblk-rw-wrapper --><\/p>\n","protected":false},"excerpt":{"rendered":"<p><strong>Roos &#171;Rosengr\u00e4fin Marie Henriette&#187;<br \/>\nSuurus: Taimepott P19<\/strong><br \/>\nRoos &#171;Rosengr\u00e4fin Marie Henriette&#187; on t\u00f5eline aeda kaunistav daam, mis paistab silma oma elegantsete vaarikapunaste \u00f5itega ja v\u00f5imsa l\u00f5hnaga, mis t\u00e4idab kogu aia sooja, magusa parf\u00fc\u00fcmiga. Eestis vajab ta veidi rohkem hoolt ja talvekaitset, kuna k\u00fclmad talved v\u00f5ivad teda kergelt kahjustada. Kuid \u00f5igete talvitamistingimustega, nagu juurekaela katmine ja \u00f5rn talvekaitse, saab ta kenasti kevadeks ellu.<\/p>\n","protected":false},"featured_media":1006384,"template":"","meta":{"inline_featured_image":false},"product_brand":[],"product_cat":[986,1026],"product_tag":[],"class_list":{"0":"post-1006383","1":"product","2":"type-product","3":"status-publish","4":"has-post-thumbnail","6":"product_cat-roosid-2","7":"product_cat-kliendid-valivad","9":"first","10":"instock","11":"shipping-taxable","12":"purchasable","13":"product-type-simple"},"_links":{"self":[{"href":"https:\/\/viruplant.ee\/ru\/wp-json\/wp\/v2\/product\/1006383","targetHints":{"allow":["GET"]}}],"collection":[{"href":"https:\/\/viruplant.ee\/ru\/wp-json\/wp\/v2\/product"}],"about":[{"href":"https:\/\/viruplant.ee\/ru\/wp-json\/wp\/v2\/types\/product"}],"wp:featuredmedia":[{"embeddable":true,"href":"https:\/\/viruplant.ee\/ru\/wp-json\/wp\/v2\/media\/1006384"}],"wp:attachment":[{"href":"https:\/\/viruplant.ee\/ru\/wp-json\/wp\/v2\/media?parent=1006383"}],"wp:term":[{"taxonomy":"product_brand","embeddable":true,"href":"https:\/\/viruplant.ee\/ru\/wp-json\/wp\/v2\/product_brand?post=1006383"},{"taxonomy":"product_cat","embeddable":true,"href":"https:\/\/viruplant.ee\/ru\/wp-json\/wp\/v2\/product_cat?post=1006383"},{"taxonomy":"product_tag","embeddable":true,"href":"https:\/\/viruplant.ee\/ru\/wp-json\/wp\/v2\/product_tag?post=1006383"}],"curies":[{"name":"wp","href":"https:\/\/api.w.org\/{rel}","templated":true}]}}