{"id":1006380,"date":"2025-04-28T18:56:07","date_gmt":"2025-04-28T18:56:07","guid":{"rendered":"https:\/\/viruplant.ee\/?post_type=product&#038;p=1006380"},"modified":"2026-03-13T06:38:01","modified_gmt":"2026-03-13T06:38:01","slug":"roos-roald-dahl","status":"publish","type":"product","link":"https:\/\/viruplant.ee\/ru\/product\/roos-roald-dahl\/","title":{"rendered":"Roos &#171;Roald Dahl&#187;"},"content":{"rendered":"<div class=\"vgblk-rw-wrapper limit-wrapper\"><strong>Roos &#171;Roald Dahl&#187;<br \/>\nSuurus: Taimepott P19<\/strong>\n<\/div>\n<p><!-- .vgblk-rw-wrapper --><\/p>\n","protected":false},"excerpt":{"rendered":"<p><strong>Roos &#171;Roald Dahl&#187;<br \/>\nSuurus: Taimepott P19<\/strong><br \/>\n&#171;Roald Dahl&#187; on kompaktne ja tihedalt harunev p\u00f5\u00f5sasroos, mis r\u00f5\u00f5mustab rikkaliku ja pika \u00f5itsemisega. Tema \u00f5ied on aprikoosioran\u017eid, algul \u00fcmarad punga kujul, hiljem avanevad pehmeteks rosettideks. V\u00e4rvus on eriti soe ja kutsuv \u2013 nagu suve\u00f5htu p\u00e4ikeseloojang. &#171;Roald Dahl&#187; on keskmise k\u00fclmakindlusega (USDA tsoon 5b\u20136a ehk \u201323\u2026\u201326 \u00b0C), kuid Eesti tingimustes vajab kindlasti talvekaitset, eriti P\u00f5hja- ja Ida-Eestis.<\/p>\n","protected":false},"featured_media":1006381,"template":"","meta":{"inline_featured_image":false},"product_brand":[],"product_cat":[986],"product_tag":[],"class_list":{"0":"post-1006380","1":"product","2":"type-product","3":"status-publish","4":"has-post-thumbnail","6":"product_cat-roosid-2","8":"first","9":"instock","10":"shipping-taxable","11":"purchasable","12":"product-type-simple"},"_links":{"self":[{"href":"https:\/\/viruplant.ee\/ru\/wp-json\/wp\/v2\/product\/1006380","targetHints":{"allow":["GET"]}}],"collection":[{"href":"https:\/\/viruplant.ee\/ru\/wp-json\/wp\/v2\/product"}],"about":[{"href":"https:\/\/viruplant.ee\/ru\/wp-json\/wp\/v2\/types\/product"}],"wp:featuredmedia":[{"embeddable":true,"href":"https:\/\/viruplant.ee\/ru\/wp-json\/wp\/v2\/media\/1006381"}],"wp:attachment":[{"href":"https:\/\/viruplant.ee\/ru\/wp-json\/wp\/v2\/media?parent=1006380"}],"wp:term":[{"taxonomy":"product_brand","embeddable":true,"href":"https:\/\/viruplant.ee\/ru\/wp-json\/wp\/v2\/product_brand?post=1006380"},{"taxonomy":"product_cat","embeddable":true,"href":"https:\/\/viruplant.ee\/ru\/wp-json\/wp\/v2\/product_cat?post=1006380"},{"taxonomy":"product_tag","embeddable":true,"href":"https:\/\/viruplant.ee\/ru\/wp-json\/wp\/v2\/product_tag?post=1006380"}],"curies":[{"name":"wp","href":"https:\/\/api.w.org\/{rel}","templated":true}]}}