{"id":1006377,"date":"2025-04-28T18:52:54","date_gmt":"2025-04-28T18:52:54","guid":{"rendered":"https:\/\/viruplant.ee\/?post_type=product&#038;p=1006377"},"modified":"2026-03-13T06:38:08","modified_gmt":"2026-03-13T06:38:08","slug":"roos-rhapsody-in-blue","status":"publish","type":"product","link":"https:\/\/viruplant.ee\/ru\/product\/roos-rhapsody-in-blue\/","title":{"rendered":"Roos &#171;Rhapsody in Blue&#187;"},"content":{"rendered":"<div class=\"vgblk-rw-wrapper limit-wrapper\"><strong>Roos &#171;Rhapsody in Blue&#187;<br \/>\nSuurus: Taimepott P19<\/strong>\n<\/div>\n<p><!-- .vgblk-rw-wrapper --><\/p>\n","protected":false},"excerpt":{"rendered":"<p><strong>Roos &#171;Rhapsody in Blue&#187;<br \/>\nSuurus: Taimepott P19<\/strong><br \/>\nRoos &#171;Rhapsody in Blue&#187; on eriline roos, mis paistab silma oma ebatavalise lillakassinise v\u00e4rviga \u2014 see on \u00fcks sinakam toon, mida rooside seas \u00fcldse leida v\u00f5ib.  Selle \u00f5ied on justkui s\u00fcdasuvine \u00f5htu \u2013 tumelillad, m\u00f5nikord sinaka v\u00f5i punaka varjundiga, ja vananedes muutuvad nad pehmemaks, lavendlitoonis. \u00d5ied ei ole klassikalise s\u00fcmmeetriaga, vaid pigem veidi metsikud ja loomulikud, mis annab sellele sordile erilise iseloomu. L\u00f5hn on \u00fcks tema suurimaid voorusi \u2013 rikkalik, v\u00fcrtsikas ja kauakestev.Roos &#171;Rhapsody in Blue&#187; on k\u00fclmakindluselt keskmine \u2013 ta talub k\u00fclma \u00fcsna h\u00e4sti, kuni umbes \u201323 \u00b0C. Eestis on kindel kaitse soovitatav, sest k\u00fclmad v\u00f5ivad ulatuda \u201325 \u00b0C ja enamgi.<\/p>\n","protected":false},"featured_media":1006378,"template":"","meta":{"inline_featured_image":false},"product_brand":[],"product_cat":[987],"product_tag":[],"class_list":{"0":"post-1006377","1":"product","2":"type-product","3":"status-publish","4":"has-post-thumbnail","6":"product_cat-roniroosid","8":"first","9":"instock","10":"shipping-taxable","11":"purchasable","12":"product-type-simple"},"_links":{"self":[{"href":"https:\/\/viruplant.ee\/ru\/wp-json\/wp\/v2\/product\/1006377","targetHints":{"allow":["GET"]}}],"collection":[{"href":"https:\/\/viruplant.ee\/ru\/wp-json\/wp\/v2\/product"}],"about":[{"href":"https:\/\/viruplant.ee\/ru\/wp-json\/wp\/v2\/types\/product"}],"wp:featuredmedia":[{"embeddable":true,"href":"https:\/\/viruplant.ee\/ru\/wp-json\/wp\/v2\/media\/1006378"}],"wp:attachment":[{"href":"https:\/\/viruplant.ee\/ru\/wp-json\/wp\/v2\/media?parent=1006377"}],"wp:term":[{"taxonomy":"product_brand","embeddable":true,"href":"https:\/\/viruplant.ee\/ru\/wp-json\/wp\/v2\/product_brand?post=1006377"},{"taxonomy":"product_cat","embeddable":true,"href":"https:\/\/viruplant.ee\/ru\/wp-json\/wp\/v2\/product_cat?post=1006377"},{"taxonomy":"product_tag","embeddable":true,"href":"https:\/\/viruplant.ee\/ru\/wp-json\/wp\/v2\/product_tag?post=1006377"}],"curies":[{"name":"wp","href":"https:\/\/api.w.org\/{rel}","templated":true}]}}