{"id":1006370,"date":"2025-04-28T11:32:08","date_gmt":"2025-04-28T11:32:08","guid":{"rendered":"https:\/\/viruplant.ee\/?post_type=product&#038;p=1006370"},"modified":"2026-03-13T06:38:22","modified_gmt":"2026-03-13T06:38:22","slug":"roos-purple-splash","status":"publish","type":"product","link":"https:\/\/viruplant.ee\/ru\/product\/roos-purple-splash\/","title":{"rendered":"Roos &#171;Purple Splash&#187;"},"content":{"rendered":"<div class=\"vgblk-rw-wrapper limit-wrapper\"><strong>Roos &#171;Purple Splash&#187;<br \/>\nSuurus: Taimepott P19<\/strong>\n<\/div>\n<p><!-- .vgblk-rw-wrapper --><\/p>\n","protected":false},"excerpt":{"rendered":"<p><strong>Roos &#171;Purple Splash&#187;<br \/>\nSuurus: Taimepott P19<\/strong><br \/>\nRoos &#171;Purple Splash&#187; on kaunis roniroos, mis paistab silma oma erakordse v\u00e4rvikombinatsiooni ja elegantsusega. \u00d5ied on lilla-punased keskosast, mille \u00e4\u00e4red on valged ja roosakad, luues ainulaadse ja silmatorkava v\u00e4rvimuutuse, mis on t\u00f5eliselt eriline. V\u00e4rvide kombinatsioon muudab \u00f5ied elavaks ja v\u00e4rvikaks. Kuna tegemist on roniroosiga, v\u00f5ib see kasvada 2\u20133 m k\u00f5rguseks s\u00f5ltuvalt kasvutingimustest ja toestamisest.<br \/>\nHea k\u00fclmakindlus, talub k\u00fclma kuni \u201320 \u00b0C, kuid soovitatav on kasutada talvekaitset, et tagada juurestiku kaitse k\u00fclmade talvekuude ajal.<\/p>\n","protected":false},"featured_media":1006371,"template":"","meta":{"inline_featured_image":false},"product_brand":[],"product_cat":[987],"product_tag":[],"class_list":{"0":"post-1006370","1":"product","2":"type-product","3":"status-publish","4":"has-post-thumbnail","6":"product_cat-roniroosid","8":"first","9":"instock","10":"shipping-taxable","11":"purchasable","12":"product-type-simple"},"_links":{"self":[{"href":"https:\/\/viruplant.ee\/ru\/wp-json\/wp\/v2\/product\/1006370","targetHints":{"allow":["GET"]}}],"collection":[{"href":"https:\/\/viruplant.ee\/ru\/wp-json\/wp\/v2\/product"}],"about":[{"href":"https:\/\/viruplant.ee\/ru\/wp-json\/wp\/v2\/types\/product"}],"wp:featuredmedia":[{"embeddable":true,"href":"https:\/\/viruplant.ee\/ru\/wp-json\/wp\/v2\/media\/1006371"}],"wp:attachment":[{"href":"https:\/\/viruplant.ee\/ru\/wp-json\/wp\/v2\/media?parent=1006370"}],"wp:term":[{"taxonomy":"product_brand","embeddable":true,"href":"https:\/\/viruplant.ee\/ru\/wp-json\/wp\/v2\/product_brand?post=1006370"},{"taxonomy":"product_cat","embeddable":true,"href":"https:\/\/viruplant.ee\/ru\/wp-json\/wp\/v2\/product_cat?post=1006370"},{"taxonomy":"product_tag","embeddable":true,"href":"https:\/\/viruplant.ee\/ru\/wp-json\/wp\/v2\/product_tag?post=1006370"}],"curies":[{"name":"wp","href":"https:\/\/api.w.org\/{rel}","templated":true}]}}