{"id":1006356,"date":"2025-04-28T11:18:03","date_gmt":"2025-04-28T11:18:03","guid":{"rendered":"https:\/\/viruplant.ee\/?post_type=product&#038;p=1006356"},"modified":"2026-03-13T06:39:02","modified_gmt":"2026-03-13T06:39:02","slug":"roos-palmengarten-frankfurt","status":"publish","type":"product","link":"https:\/\/viruplant.ee\/ru\/product\/roos-palmengarten-frankfurt\/","title":{"rendered":"Roos &#171;Palmengarten Frankfurt&#187;"},"content":{"rendered":"<div class=\"vgblk-rw-wrapper limit-wrapper\"><strong>Roos &#171;Palmengarten Frankfurt&#187;<br \/>\nSuurus: Taimepott P19<\/strong>\n<\/div>\n<p><!-- .vgblk-rw-wrapper --><\/p>\n","protected":false},"excerpt":{"rendered":"<p><strong>Roos &#171;Palmengarten Frankfurt&#187;<br \/>\nSuurus: Taimepott P19<\/strong><br \/>\nRoos &#171;Palmengarten Frankfurt&#187; on elegantne teeh\u00fcbriidroos, mis paistab silma oma roosa v\u00e4rviga ja suurep\u00e4rase \u00f5itsemisega. Aretatud Saksamaal Frankfurti Palmengarteni j\u00e4rgi, on see roos t\u00f5eline aedade kaunistus, pakkudes rikkalikku \u00f5ite voogu suve jooksul.<br \/>\nRoosi k\u00f5rgus: umbes 80\u2013120 cm.<br \/>\nHea k\u00fclmakindlus, talub kuni \u201320 \u00b0C, karmides talvistes oludes on soovitatav katta juurekael talveks mult\u0161i v\u00f5i kuuseokstega.<\/p>\n","protected":false},"featured_media":1006357,"template":"","meta":{"inline_featured_image":false},"product_brand":[],"product_cat":[986],"product_tag":[],"class_list":{"0":"post-1006356","1":"product","2":"type-product","3":"status-publish","4":"has-post-thumbnail","6":"product_cat-roosid-2","8":"first","9":"instock","10":"shipping-taxable","11":"purchasable","12":"product-type-simple"},"_links":{"self":[{"href":"https:\/\/viruplant.ee\/ru\/wp-json\/wp\/v2\/product\/1006356","targetHints":{"allow":["GET"]}}],"collection":[{"href":"https:\/\/viruplant.ee\/ru\/wp-json\/wp\/v2\/product"}],"about":[{"href":"https:\/\/viruplant.ee\/ru\/wp-json\/wp\/v2\/types\/product"}],"wp:featuredmedia":[{"embeddable":true,"href":"https:\/\/viruplant.ee\/ru\/wp-json\/wp\/v2\/media\/1006357"}],"wp:attachment":[{"href":"https:\/\/viruplant.ee\/ru\/wp-json\/wp\/v2\/media?parent=1006356"}],"wp:term":[{"taxonomy":"product_brand","embeddable":true,"href":"https:\/\/viruplant.ee\/ru\/wp-json\/wp\/v2\/product_brand?post=1006356"},{"taxonomy":"product_cat","embeddable":true,"href":"https:\/\/viruplant.ee\/ru\/wp-json\/wp\/v2\/product_cat?post=1006356"},{"taxonomy":"product_tag","embeddable":true,"href":"https:\/\/viruplant.ee\/ru\/wp-json\/wp\/v2\/product_tag?post=1006356"}],"curies":[{"name":"wp","href":"https:\/\/api.w.org\/{rel}","templated":true}]}}