{"id":1006353,"date":"2025-04-28T10:38:32","date_gmt":"2025-04-28T10:38:32","guid":{"rendered":"https:\/\/viruplant.ee\/?post_type=product&#038;p=1006353"},"modified":"2026-03-13T06:39:08","modified_gmt":"2026-03-13T06:39:08","slug":"roos-olivia-rose-austin","status":"publish","type":"product","link":"https:\/\/viruplant.ee\/ru\/product\/roos-olivia-rose-austin\/","title":{"rendered":"Roos &#171;Olivia  Rose Austin&#187;"},"content":{"rendered":"<div class=\"vgblk-rw-wrapper limit-wrapper\"><strong>Roos &#171;Olivia  Rose Austin&#187;<br \/>\nSuurus: Taimepott P19<\/strong>\n<\/div>\n<p><!-- .vgblk-rw-wrapper --><\/p>\n","protected":false},"excerpt":{"rendered":"<p><strong>Roos &#171;Olivia  Rose Austin&#187;<br \/>\nSuurus: Taimepott P19<\/strong><br \/>\nRoos &#171;Olivia Rose Austin&#187;  paistab silma oma pehme roosa v\u00e4rvi ja t\u00e4iuslike rosetikujuliste \u00f5itega.<br \/>\nV\u00e4rvus: \u00f5rna, pehme roosa, mis v\u00f5ib \u00f5itsemise ajal varieeruda virsiku-roosast ja k\u00fclmemast roosast.<br \/>\nK\u00f5rgus: umbes 1\u20131,2 m, laius umbes 1 m<br \/>\nTalub k\u00fclma h\u00e4sti kuni \u201323 \u00b0C, Eestis kasvamiseks piisab talveks kerge talvekaitse kasutamisest (nt kuuseokste v\u00f5i mult\u0161i kasutamine juurekaela \u00fcmber)<\/p>\n","protected":false},"featured_media":1006354,"template":"","meta":{"inline_featured_image":false},"product_brand":[],"product_cat":[986],"product_tag":[],"class_list":{"0":"post-1006353","1":"product","2":"type-product","3":"status-publish","4":"has-post-thumbnail","6":"product_cat-roosid-2","8":"first","9":"instock","10":"shipping-taxable","11":"purchasable","12":"product-type-simple"},"_links":{"self":[{"href":"https:\/\/viruplant.ee\/ru\/wp-json\/wp\/v2\/product\/1006353","targetHints":{"allow":["GET"]}}],"collection":[{"href":"https:\/\/viruplant.ee\/ru\/wp-json\/wp\/v2\/product"}],"about":[{"href":"https:\/\/viruplant.ee\/ru\/wp-json\/wp\/v2\/types\/product"}],"wp:featuredmedia":[{"embeddable":true,"href":"https:\/\/viruplant.ee\/ru\/wp-json\/wp\/v2\/media\/1006354"}],"wp:attachment":[{"href":"https:\/\/viruplant.ee\/ru\/wp-json\/wp\/v2\/media?parent=1006353"}],"wp:term":[{"taxonomy":"product_brand","embeddable":true,"href":"https:\/\/viruplant.ee\/ru\/wp-json\/wp\/v2\/product_brand?post=1006353"},{"taxonomy":"product_cat","embeddable":true,"href":"https:\/\/viruplant.ee\/ru\/wp-json\/wp\/v2\/product_cat?post=1006353"},{"taxonomy":"product_tag","embeddable":true,"href":"https:\/\/viruplant.ee\/ru\/wp-json\/wp\/v2\/product_tag?post=1006353"}],"curies":[{"name":"wp","href":"https:\/\/api.w.org\/{rel}","templated":true}]}}