{"id":1006349,"date":"2025-04-28T10:32:38","date_gmt":"2025-04-28T10:32:38","guid":{"rendered":"https:\/\/viruplant.ee\/?post_type=product&#038;p=1006349"},"modified":"2026-03-19T11:46:40","modified_gmt":"2026-03-19T11:46:40","slug":"roos-nostalgie","status":"publish","type":"product","link":"https:\/\/viruplant.ee\/ru\/product\/roos-nostalgie\/","title":{"rendered":"Roos &#171;Nostalgie&#187;"},"content":{"rendered":"<div class=\"vgblk-rw-wrapper limit-wrapper\"><strong>Roos &#171;Nostalgie&#187;<br \/>\nSuurus: Taimepott P19<\/strong>\n<\/div>\n<p><!-- .vgblk-rw-wrapper --><\/p>\n","protected":false},"excerpt":{"rendered":"<p><strong>Roos &#171;Nostalgie&#187;<br \/>\nSuurus: Taimepott P19<\/strong><br \/>\nRoos &#171;Nostalgie&#187; on \u00fcks tuntumaid ja armastatumaid teeh\u00fcbriidroose, mis paistab silma oma kahev\u00e4rviliste \u00f5ite ja elegantse v\u00e4limuse poolest. See roos toob aeda klassikalist ilu, millele lisandub silmatorkav ja ainulaadne v\u00e4rvikombinatsioon.<br \/>\nV\u00e4rvus: kreemikas-valge \u00f5ies\u00fcdamik, mida \u00fcmbritseb tumedapunaselt v\u00f5i karmiinpunaselt \u00e4\u00e4ristatud serv \u2013 v\u00e4ga selge ja kontrastne kahev\u00e4rviline efekt, suured \u00f5ied, 10\u201312 cm l\u00e4bim\u00f5\u00f5duga.<br \/>\nRoosi k\u00f5rgus: umbes 80\u2013100 cm<br \/>\nTalub h\u00e4sti k\u00fclma, kuni umbes \u201320 \u00b0C, Eesti oludes on soovitatav juurekael talveks katta mult\u0161i v\u00f5i kuuseokstega, eriti lumeta talvedel.<\/p>\n","protected":false},"featured_media":1006350,"template":"","meta":{"inline_featured_image":false},"product_brand":[],"product_cat":[986,1026],"product_tag":[],"class_list":{"0":"post-1006349","1":"product","2":"type-product","3":"status-publish","4":"has-post-thumbnail","6":"product_cat-roosid-2","7":"product_cat-kliendid-valivad","9":"first","10":"instock","11":"shipping-taxable","12":"purchasable","13":"product-type-simple"},"_links":{"self":[{"href":"https:\/\/viruplant.ee\/ru\/wp-json\/wp\/v2\/product\/1006349","targetHints":{"allow":["GET"]}}],"collection":[{"href":"https:\/\/viruplant.ee\/ru\/wp-json\/wp\/v2\/product"}],"about":[{"href":"https:\/\/viruplant.ee\/ru\/wp-json\/wp\/v2\/types\/product"}],"wp:featuredmedia":[{"embeddable":true,"href":"https:\/\/viruplant.ee\/ru\/wp-json\/wp\/v2\/media\/1006350"}],"wp:attachment":[{"href":"https:\/\/viruplant.ee\/ru\/wp-json\/wp\/v2\/media?parent=1006349"}],"wp:term":[{"taxonomy":"product_brand","embeddable":true,"href":"https:\/\/viruplant.ee\/ru\/wp-json\/wp\/v2\/product_brand?post=1006349"},{"taxonomy":"product_cat","embeddable":true,"href":"https:\/\/viruplant.ee\/ru\/wp-json\/wp\/v2\/product_cat?post=1006349"},{"taxonomy":"product_tag","embeddable":true,"href":"https:\/\/viruplant.ee\/ru\/wp-json\/wp\/v2\/product_tag?post=1006349"}],"curies":[{"name":"wp","href":"https:\/\/api.w.org\/{rel}","templated":true}]}}