{"id":1006336,"date":"2025-04-28T10:13:05","date_gmt":"2025-04-28T10:13:05","guid":{"rendered":"https:\/\/viruplant.ee\/?post_type=product&#038;p=1006336"},"modified":"2026-03-13T06:39:51","modified_gmt":"2026-03-13T06:39:51","slug":"roos-lupo","status":"publish","type":"product","link":"https:\/\/viruplant.ee\/ru\/product\/roos-lupo\/","title":{"rendered":"Roos &#171;Lupo&#187;"},"content":{"rendered":"<div class=\"vgblk-rw-wrapper limit-wrapper\"><strong>Roos &#171;Lupo&#187;<br \/>\nSuurus: Taimepott P19<\/strong>\n<\/div>\n<p><!-- .vgblk-rw-wrapper --><\/p>\n","protected":false},"excerpt":{"rendered":"<p><strong>Roos &#171;Lupo&#187;<br \/>\nSuurus: Taimepott P19<\/strong><br \/>\n&#171;Lupo&#187; on madal ja tiheda kasvuga roos, mis on tuntud oma erksate fuksia-roosade \u00f5ite poolest. \u00d5ied on v\u00e4ikesed, lihtsad (5 kroonlehte), kuid neid on v\u00e4ga palju \u2013 taim \u00f5itseb rikkalikult ja katkematult kogu suve jooksul kuni s\u00fcgise l\u00f5puni. Kuna \u00f5ied ilmuvad suurtes kobarates, loob roos t\u00f5elise v\u00e4rvilaigu aeda.<br \/>\n&#171;Lupo&#187; on hea k\u00fclmakindlusega roos (talub kuni \u201320\u2026\u201323\u202f\u00b0C), sobides h\u00e4sti ka Eesti kliimasse. Talveks v\u00f5ib juurekaela \u00fcmber panna \u00f5hukese mult\u0161ikihi, kuid \u00fcldiselt ei vaja ta erilist kaitset.<\/p>\n","protected":false},"featured_media":1006337,"template":"","meta":{"inline_featured_image":false},"product_brand":[],"product_cat":[986],"product_tag":[],"class_list":{"0":"post-1006336","1":"product","2":"type-product","3":"status-publish","4":"has-post-thumbnail","6":"product_cat-roosid-2","8":"first","9":"instock","10":"shipping-taxable","11":"purchasable","12":"product-type-simple"},"_links":{"self":[{"href":"https:\/\/viruplant.ee\/ru\/wp-json\/wp\/v2\/product\/1006336","targetHints":{"allow":["GET"]}}],"collection":[{"href":"https:\/\/viruplant.ee\/ru\/wp-json\/wp\/v2\/product"}],"about":[{"href":"https:\/\/viruplant.ee\/ru\/wp-json\/wp\/v2\/types\/product"}],"wp:featuredmedia":[{"embeddable":true,"href":"https:\/\/viruplant.ee\/ru\/wp-json\/wp\/v2\/media\/1006337"}],"wp:attachment":[{"href":"https:\/\/viruplant.ee\/ru\/wp-json\/wp\/v2\/media?parent=1006336"}],"wp:term":[{"taxonomy":"product_brand","embeddable":true,"href":"https:\/\/viruplant.ee\/ru\/wp-json\/wp\/v2\/product_brand?post=1006336"},{"taxonomy":"product_cat","embeddable":true,"href":"https:\/\/viruplant.ee\/ru\/wp-json\/wp\/v2\/product_cat?post=1006336"},{"taxonomy":"product_tag","embeddable":true,"href":"https:\/\/viruplant.ee\/ru\/wp-json\/wp\/v2\/product_tag?post=1006336"}],"curies":[{"name":"wp","href":"https:\/\/api.w.org\/{rel}","templated":true}]}}