{"id":1006333,"date":"2025-04-28T10:09:29","date_gmt":"2025-04-28T10:09:29","guid":{"rendered":"https:\/\/viruplant.ee\/?post_type=product&#038;p=1006333"},"modified":"2026-03-13T06:40:11","modified_gmt":"2026-03-13T06:40:11","slug":"roos-lovely-fairy","status":"publish","type":"product","link":"https:\/\/viruplant.ee\/ru\/product\/roos-lovely-fairy\/","title":{"rendered":"Roos &#171;Lovely Fairy&#187;"},"content":{"rendered":"<div class=\"vgblk-rw-wrapper limit-wrapper\"><strong>Roos &#171;Lovely Fairy&#187;<br \/>\nSuurus: Taimepott P19<\/strong>\n<\/div>\n<p><!-- .vgblk-rw-wrapper --><\/p>\n","protected":false},"excerpt":{"rendered":"<p><strong>Roos &#171;Lovely Fairy&#187;<br \/>\nSuurus: Taimepott P19<\/strong><br \/>\nRoos &#171;Lovely Fairy&#187; on madal ja tihedalt kasvav pinnakatteroos, mis sobib suurep\u00e4raselt peenarde, n\u00f5lvade v\u00f5i suurte alade katmiseks. Selle roosi \u00f5ied on v\u00e4ikesed, armsad ja rikkalikult roosad, kogunevad suurte \u00f5isikutena ja katavad taime justkui roosa pilvena. \u00d5itsemine on v\u00e4ga rikkalik ja kestab suve algusest kuni s\u00fcgiseni. Roos &#171;Lovely Fairy&#187; on v\u00e4ga hea k\u00fclmakindlusega \u2013 ta talub temperatuure kuni umbes \u201323\u202f\u00b0C (ehk vastab k\u00fclmakindluse tsoonile 6). See t\u00e4hendab, et ta sobib h\u00e4sti Eesti kliimasse ja \u00fcldjuhul ei vaja talvekaitset, kui kasvab heas ja parajalt varjatud kohas.<br \/>\nSiiski, v\u00e4ga karmidel ja lumeta talvedel on soovitatav juurekaelale panna veidi mult\u0161i v\u00f5i kuuseoksi, et kaitsta taime v\u00f5imalike k\u00fclmakahjustuste eest. <\/p>\n","protected":false},"featured_media":1006334,"template":"","meta":{"inline_featured_image":false},"product_brand":[],"product_cat":[986],"product_tag":[],"class_list":{"0":"post-1006333","1":"product","2":"type-product","3":"status-publish","4":"has-post-thumbnail","6":"product_cat-roosid-2","8":"first","9":"instock","10":"shipping-taxable","11":"purchasable","12":"product-type-simple"},"_links":{"self":[{"href":"https:\/\/viruplant.ee\/ru\/wp-json\/wp\/v2\/product\/1006333","targetHints":{"allow":["GET"]}}],"collection":[{"href":"https:\/\/viruplant.ee\/ru\/wp-json\/wp\/v2\/product"}],"about":[{"href":"https:\/\/viruplant.ee\/ru\/wp-json\/wp\/v2\/types\/product"}],"wp:featuredmedia":[{"embeddable":true,"href":"https:\/\/viruplant.ee\/ru\/wp-json\/wp\/v2\/media\/1006334"}],"wp:attachment":[{"href":"https:\/\/viruplant.ee\/ru\/wp-json\/wp\/v2\/media?parent=1006333"}],"wp:term":[{"taxonomy":"product_brand","embeddable":true,"href":"https:\/\/viruplant.ee\/ru\/wp-json\/wp\/v2\/product_brand?post=1006333"},{"taxonomy":"product_cat","embeddable":true,"href":"https:\/\/viruplant.ee\/ru\/wp-json\/wp\/v2\/product_cat?post=1006333"},{"taxonomy":"product_tag","embeddable":true,"href":"https:\/\/viruplant.ee\/ru\/wp-json\/wp\/v2\/product_tag?post=1006333"}],"curies":[{"name":"wp","href":"https:\/\/api.w.org\/{rel}","templated":true}]}}