{"id":1006330,"date":"2025-04-27T12:34:24","date_gmt":"2025-04-27T12:34:24","guid":{"rendered":"https:\/\/viruplant.ee\/?post_type=product&#038;p=1006330"},"modified":"2026-03-13T06:40:17","modified_gmt":"2026-03-13T06:40:17","slug":"roos-limona","status":"publish","type":"product","link":"https:\/\/viruplant.ee\/ru\/product\/roos-limona\/","title":{"rendered":"Roos &#171;Limona&#187;"},"content":{"rendered":"<div class=\"vgblk-rw-wrapper limit-wrapper\"><strong>Roos &#171;Limona&#187;<br \/>\nSuurus: Taimepott P19<\/strong>\n<\/div>\n<p><!-- .vgblk-rw-wrapper --><\/p>\n","protected":false},"excerpt":{"rendered":"<p><strong>Roos &#171;Limona&#187;<br \/>\nSuurus: Taimepott P19<\/strong><br \/>\nRoos &#171;Limona&#187; on kaunis roosisort, millel on erksalt kollased \u00f5ied. \u00d5ied on t\u00e4idlased, kuldse kollase v\u00e4rvusega, millel on sageli \u00f5rn kreemikas v\u00f5i valge serv. Alguses on \u00f5ied intensiivse kollase v\u00e4rviga, kuid \u00f5itsemise k\u00e4igus v\u00f5ivad nad muutuda helgemaks ja \u00f5rnaks kreemikas-kollaseks tooniks. &#171;Limona&#187; roos on tugeva kasvuga ja ulatub umbes 1\u20131,2 meetri k\u00f5rgusele. Taim on h\u00e4sti harunev ja pakub rohkelt \u00f5isi kogu suve v\u00e4ltel. Roos talub k\u00fclma kuni umbes -15\u00b0C, kuid k\u00fclmemates piirkondades on talveks soovitatav kasutada talvekaitset.<\/p>\n","protected":false},"featured_media":1006331,"template":"","meta":{"inline_featured_image":false},"product_brand":[],"product_cat":[986],"product_tag":[],"class_list":{"0":"post-1006330","1":"product","2":"type-product","3":"status-publish","4":"has-post-thumbnail","6":"product_cat-roosid-2","8":"first","9":"instock","10":"shipping-taxable","11":"purchasable","12":"product-type-simple"},"_links":{"self":[{"href":"https:\/\/viruplant.ee\/ru\/wp-json\/wp\/v2\/product\/1006330","targetHints":{"allow":["GET"]}}],"collection":[{"href":"https:\/\/viruplant.ee\/ru\/wp-json\/wp\/v2\/product"}],"about":[{"href":"https:\/\/viruplant.ee\/ru\/wp-json\/wp\/v2\/types\/product"}],"wp:featuredmedia":[{"embeddable":true,"href":"https:\/\/viruplant.ee\/ru\/wp-json\/wp\/v2\/media\/1006331"}],"wp:attachment":[{"href":"https:\/\/viruplant.ee\/ru\/wp-json\/wp\/v2\/media?parent=1006330"}],"wp:term":[{"taxonomy":"product_brand","embeddable":true,"href":"https:\/\/viruplant.ee\/ru\/wp-json\/wp\/v2\/product_brand?post=1006330"},{"taxonomy":"product_cat","embeddable":true,"href":"https:\/\/viruplant.ee\/ru\/wp-json\/wp\/v2\/product_cat?post=1006330"},{"taxonomy":"product_tag","embeddable":true,"href":"https:\/\/viruplant.ee\/ru\/wp-json\/wp\/v2\/product_tag?post=1006330"}],"curies":[{"name":"wp","href":"https:\/\/api.w.org\/{rel}","templated":true}]}}