{"id":1006326,"date":"2025-04-27T12:31:51","date_gmt":"2025-04-27T12:31:51","guid":{"rendered":"https:\/\/viruplant.ee\/?post_type=product&#038;p=1006326"},"modified":"2026-03-13T06:40:24","modified_gmt":"2026-03-13T06:40:24","slug":"roos-leonardo-da-vinci","status":"publish","type":"product","link":"https:\/\/viruplant.ee\/ru\/product\/roos-leonardo-da-vinci\/","title":{"rendered":"Roos &#171;Leonardo da Vinci&#187;"},"content":{"rendered":"<div class=\"vgblk-rw-wrapper limit-wrapper\"><strong>Roos &#171;Leonardo da Vinci&#187;<br \/>\nSuurus: Taimepott P19<\/strong>\n<\/div>\n<p><!-- .vgblk-rw-wrapper --><\/p>\n","protected":false},"excerpt":{"rendered":"<p><strong>Roos &#171;Leonardo da Vinci&#187;<br \/>\nSuurus: Taimepott P19<\/strong><br \/>\nRoos &#171;Leonardo da Vinci&#187; on \u00fcks elegantsemaid roosisorte, millel on roosad \u00f5ied. \u00d5ied on keskmise suurusega, pool-topelt\u00f5ied, millel on \u00f5rnad ja pehmed kroonlehed. V\u00e4rv varieerub heleroosast kuni soojade roosade toonideni, luues peene ja kauni kontrasti. \u00d5ied on tihedad, t\u00e4idlased ja t\u00e4iuslikus vormis, moodustades suurep\u00e4rase \u00f5isiku. Taim \u00f5itseb pidevalt kogu suve jooksul, andes rohkelt ilusaid \u00f5isi, mis katab taime ja toob aeda peene roosa v\u00e4rvi. Roos &#171;Leonardo da Vinci&#187; on suhteliselt madal ja kompaktselt kasvav taim, ulatudes umbes 90 cm\u20131 m k\u00f5rguseks. Talub k\u00fclma kuni umbes -15\u00b0C, kuid k\u00fclmemates piirkondades on soovitatav kasutada talvekaitset, et tagada taime tervis ja \u00f5itsemine j\u00e4rgmisel hooajal.<\/p>\n","protected":false},"featured_media":1006327,"template":"","meta":{"inline_featured_image":false},"product_brand":[],"product_cat":[986],"product_tag":[],"class_list":{"0":"post-1006326","1":"product","2":"type-product","3":"status-publish","4":"has-post-thumbnail","6":"product_cat-roosid-2","8":"first","9":"instock","10":"shipping-taxable","11":"purchasable","12":"product-type-simple"},"_links":{"self":[{"href":"https:\/\/viruplant.ee\/ru\/wp-json\/wp\/v2\/product\/1006326","targetHints":{"allow":["GET"]}}],"collection":[{"href":"https:\/\/viruplant.ee\/ru\/wp-json\/wp\/v2\/product"}],"about":[{"href":"https:\/\/viruplant.ee\/ru\/wp-json\/wp\/v2\/types\/product"}],"wp:featuredmedia":[{"embeddable":true,"href":"https:\/\/viruplant.ee\/ru\/wp-json\/wp\/v2\/media\/1006327"}],"wp:attachment":[{"href":"https:\/\/viruplant.ee\/ru\/wp-json\/wp\/v2\/media?parent=1006326"}],"wp:term":[{"taxonomy":"product_brand","embeddable":true,"href":"https:\/\/viruplant.ee\/ru\/wp-json\/wp\/v2\/product_brand?post=1006326"},{"taxonomy":"product_cat","embeddable":true,"href":"https:\/\/viruplant.ee\/ru\/wp-json\/wp\/v2\/product_cat?post=1006326"},{"taxonomy":"product_tag","embeddable":true,"href":"https:\/\/viruplant.ee\/ru\/wp-json\/wp\/v2\/product_tag?post=1006326"}],"curies":[{"name":"wp","href":"https:\/\/api.w.org\/{rel}","templated":true}]}}