{"id":1006323,"date":"2025-04-27T12:28:50","date_gmt":"2025-04-27T12:28:50","guid":{"rendered":"https:\/\/viruplant.ee\/?post_type=product&#038;p=1006323"},"modified":"2026-03-13T06:40:31","modified_gmt":"2026-03-13T06:40:31","slug":"roos-lemon-fizz","status":"publish","type":"product","link":"https:\/\/viruplant.ee\/ru\/product\/roos-lemon-fizz\/","title":{"rendered":"Roos &#171;Lemon Fizz&#187;"},"content":{"rendered":"<div class=\"vgblk-rw-wrapper limit-wrapper\"><strong>Roos &#171;Lemon Fizz&#187;<br \/>\nSuurus: Taimepott P19<\/strong><\/div>\n<p><!-- .vgblk-rw-wrapper --><\/p>\n","protected":false},"excerpt":{"rendered":"<p><strong>Roos &#171;Lemon Fizz&#187;<br \/>\nSuurus: Taimepott P19<\/strong><br \/>\nRoos &#171;Lemon Fizz&#187; on kaunis ja v\u00e4rvikas roosisort, millel on kollased \u00f5ied, mis aja jooksul muutuvad kergeks kreemikaks v\u00f5i valgeks. Roos &#171;Lemon Fizz&#187; on kompaktne ja tugev taim, ulatudes umbes 60\u201380 cm k\u00f5rgusele.<br \/>\nRoos talub k\u00fclma kuni umbes -10\u00b0C, kuid k\u00fclmemates piirkondades on soovitatav kasutada talvekaitset, et tagada roosi tervis ja \u00f5itsemine j\u00e4rgmisel hooajal.<\/p>\n","protected":false},"featured_media":1006324,"template":"","meta":{"inline_featured_image":false},"product_brand":[],"product_cat":[986],"product_tag":[],"class_list":{"0":"post-1006323","1":"product","2":"type-product","3":"status-publish","4":"has-post-thumbnail","6":"product_cat-roosid-2","8":"first","9":"instock","10":"shipping-taxable","11":"purchasable","12":"product-type-simple"},"_links":{"self":[{"href":"https:\/\/viruplant.ee\/ru\/wp-json\/wp\/v2\/product\/1006323","targetHints":{"allow":["GET"]}}],"collection":[{"href":"https:\/\/viruplant.ee\/ru\/wp-json\/wp\/v2\/product"}],"about":[{"href":"https:\/\/viruplant.ee\/ru\/wp-json\/wp\/v2\/types\/product"}],"wp:featuredmedia":[{"embeddable":true,"href":"https:\/\/viruplant.ee\/ru\/wp-json\/wp\/v2\/media\/1006324"}],"wp:attachment":[{"href":"https:\/\/viruplant.ee\/ru\/wp-json\/wp\/v2\/media?parent=1006323"}],"wp:term":[{"taxonomy":"product_brand","embeddable":true,"href":"https:\/\/viruplant.ee\/ru\/wp-json\/wp\/v2\/product_brand?post=1006323"},{"taxonomy":"product_cat","embeddable":true,"href":"https:\/\/viruplant.ee\/ru\/wp-json\/wp\/v2\/product_cat?post=1006323"},{"taxonomy":"product_tag","embeddable":true,"href":"https:\/\/viruplant.ee\/ru\/wp-json\/wp\/v2\/product_tag?post=1006323"}],"curies":[{"name":"wp","href":"https:\/\/api.w.org\/{rel}","templated":true}]}}