{"id":1006316,"date":"2025-04-27T12:21:14","date_gmt":"2025-04-27T12:21:14","guid":{"rendered":"https:\/\/viruplant.ee\/?post_type=product&#038;p=1006316"},"modified":"2026-03-13T06:41:00","modified_gmt":"2026-03-13T06:41:00","slug":"roos-laminuette","status":"publish","type":"product","link":"https:\/\/viruplant.ee\/ru\/product\/roos-laminuette\/","title":{"rendered":"Roos &#171;Laminuette&#187;"},"content":{"rendered":"<div class=\"vgblk-rw-wrapper limit-wrapper\"><strong>Roos &#171;Laminuette&#187;<br \/>\nSuurus: Taimepott P19<\/strong><\/div>\n<p><!-- .vgblk-rw-wrapper --><\/p>\n","protected":false},"excerpt":{"rendered":"<p><strong>Roos &#171;Laminuette&#187;<br \/>\nSuurus: Taimepott P19<\/strong><br \/>\nRoos &#171;Laminuette&#187; on k\u00f5rge kvaliteediga roos, mille \u00f5ied on heledad roosad v\u00f5i kreemikat roosad toonid. \u00d5ied on t\u00e4idlased ja tihedad, moodustades tihedaid \u00f5isikuid. \u00d5ielehed on m\u00f5nikord veidi lainelised, andes sellele roosile t\u00e4iusliku ja peene v\u00e4limuse. &#171;Laminuette&#187; roosi \u00f5ied on \u00f5rnad, kuid siiski eluj\u00f5ulised, ja nende v\u00e4rv v\u00f5ib m\u00f5nev\u00f5rra varieeruda s\u00f5ltuvalt kasvutingimustest, kuid \u00fcldiselt j\u00e4\u00e4vad nad kreemika roosa v\u00f5i kahvatu roosa toonidesse. V\u00e4rv v\u00f5ib muutuda heledamaks suve jooksul. Taim ise on kompaktselt kasvav ja madal, ulatudes 40\u201360 cm k\u00f5rgusele. &#171;Laminuette&#187; talub k\u00fclma kuni umbes -10\u00b0C, kuid k\u00fclmemates piirkondades on soovitatav kasutada talvekaitset, et tagada roosi tervis. <\/p>\n","protected":false},"featured_media":1006317,"template":"","meta":{"inline_featured_image":false},"product_brand":[],"product_cat":[986],"product_tag":[],"class_list":{"0":"post-1006316","1":"product","2":"type-product","3":"status-publish","4":"has-post-thumbnail","6":"product_cat-roosid-2","8":"first","9":"instock","10":"shipping-taxable","11":"purchasable","12":"product-type-simple"},"_links":{"self":[{"href":"https:\/\/viruplant.ee\/ru\/wp-json\/wp\/v2\/product\/1006316","targetHints":{"allow":["GET"]}}],"collection":[{"href":"https:\/\/viruplant.ee\/ru\/wp-json\/wp\/v2\/product"}],"about":[{"href":"https:\/\/viruplant.ee\/ru\/wp-json\/wp\/v2\/types\/product"}],"wp:featuredmedia":[{"embeddable":true,"href":"https:\/\/viruplant.ee\/ru\/wp-json\/wp\/v2\/media\/1006317"}],"wp:attachment":[{"href":"https:\/\/viruplant.ee\/ru\/wp-json\/wp\/v2\/media?parent=1006316"}],"wp:term":[{"taxonomy":"product_brand","embeddable":true,"href":"https:\/\/viruplant.ee\/ru\/wp-json\/wp\/v2\/product_brand?post=1006316"},{"taxonomy":"product_cat","embeddable":true,"href":"https:\/\/viruplant.ee\/ru\/wp-json\/wp\/v2\/product_cat?post=1006316"},{"taxonomy":"product_tag","embeddable":true,"href":"https:\/\/viruplant.ee\/ru\/wp-json\/wp\/v2\/product_tag?post=1006316"}],"curies":[{"name":"wp","href":"https:\/\/api.w.org\/{rel}","templated":true}]}}