{"id":1006309,"date":"2025-04-27T12:08:52","date_gmt":"2025-04-27T12:08:52","guid":{"rendered":"https:\/\/viruplant.ee\/?post_type=product&#038;p=1006309"},"modified":"2026-03-13T06:41:11","modified_gmt":"2026-03-13T06:41:11","slug":"roos-k-r-moonlight","status":"publish","type":"product","link":"https:\/\/viruplant.ee\/ru\/product\/roos-k-r-moonlight\/","title":{"rendered":"Roos &#171;K.R. Moonlight&#187;"},"content":{"rendered":"<div class=\"vgblk-rw-wrapper limit-wrapper\"><strong>Roos &#171;K.R. Moonlight&#187;<br \/>\nSuurus: Taimepott P19<\/strong>\n<\/div>\n<p><!-- .vgblk-rw-wrapper --><\/p>\n","protected":false},"excerpt":{"rendered":"<p><strong>Roos &#171;K.R. Moonlight&#187;<br \/>\nSuurus: Taimepott P19<\/strong><br \/>\nRoosi &#171;K.R. Moonlight&#187; \u00f5ied on kollased, kuid \u00f5itsemise edenedes v\u00f5ivad need muutuda kreemjas-valgeks.<br \/>\nTaim ise on tugeva kasvu ja v\u00f5ib ulatuda kuni 2,5\u20133 meetri k\u00f5rgusele. &#171;K.R. Moonlight&#187; talub k\u00fclma kuni umbes -15\u00b0C, kuid k\u00fclmemates piirkondades v\u00f5ib olla soovitatav kasutada talvekaitset, et tagada taime talvitumine.<\/p>\n","protected":false},"featured_media":1006310,"template":"","meta":{"inline_featured_image":false},"product_brand":[],"product_cat":[987],"product_tag":[],"class_list":{"0":"post-1006309","1":"product","2":"type-product","3":"status-publish","4":"has-post-thumbnail","6":"product_cat-roniroosid","8":"first","9":"instock","10":"shipping-taxable","11":"purchasable","12":"product-type-simple"},"_links":{"self":[{"href":"https:\/\/viruplant.ee\/ru\/wp-json\/wp\/v2\/product\/1006309","targetHints":{"allow":["GET"]}}],"collection":[{"href":"https:\/\/viruplant.ee\/ru\/wp-json\/wp\/v2\/product"}],"about":[{"href":"https:\/\/viruplant.ee\/ru\/wp-json\/wp\/v2\/types\/product"}],"wp:featuredmedia":[{"embeddable":true,"href":"https:\/\/viruplant.ee\/ru\/wp-json\/wp\/v2\/media\/1006310"}],"wp:attachment":[{"href":"https:\/\/viruplant.ee\/ru\/wp-json\/wp\/v2\/media?parent=1006309"}],"wp:term":[{"taxonomy":"product_brand","embeddable":true,"href":"https:\/\/viruplant.ee\/ru\/wp-json\/wp\/v2\/product_brand?post=1006309"},{"taxonomy":"product_cat","embeddable":true,"href":"https:\/\/viruplant.ee\/ru\/wp-json\/wp\/v2\/product_cat?post=1006309"},{"taxonomy":"product_tag","embeddable":true,"href":"https:\/\/viruplant.ee\/ru\/wp-json\/wp\/v2\/product_tag?post=1006309"}],"curies":[{"name":"wp","href":"https:\/\/api.w.org\/{rel}","templated":true}]}}