{"id":1006306,"date":"2025-04-27T12:02:23","date_gmt":"2025-04-27T12:02:23","guid":{"rendered":"https:\/\/viruplant.ee\/?post_type=product&#038;p=1006306"},"modified":"2026-03-13T06:41:18","modified_gmt":"2026-03-13T06:41:18","slug":"roos-jasmina","status":"publish","type":"product","link":"https:\/\/viruplant.ee\/ru\/product\/roos-jasmina\/","title":{"rendered":"Roos &#171;Jasmina&#187;"},"content":{"rendered":"<div class=\"vgblk-rw-wrapper limit-wrapper\"><strong>Roos &#171;Jasmina&#187;<br \/>\nSuurus: Taimepott P19<\/strong>\n<\/div>\n<p><!-- .vgblk-rw-wrapper --><\/p>\n","protected":false},"excerpt":{"rendered":"<p><strong>Roos &#171;Jasmina&#187;<br \/>\nSuurus: Taimepott P19<\/strong><br \/>\nRoos &#171;Jasmina&#187; on roniroos, millel on pikaajaline ja luksuslik \u00f5itsemine. Sellel roosil on \u00f5rnad roosad \u00f5ied, mis v\u00f5ivad olla ka kreemikas-roosad, ja need \u00f5ied on t\u00e4idlased, tihedad ning meeldiva l\u00f5hnaga. &#171;Jasmina&#187; \u00f5ied ilmuvad suurtes \u00f5isikutes, mis katavad taime terve suve jooksul. \u00d5ied on sageli veidi laineliste kroonlehtedega, mis lisab roosile romantilist ja elegantset v\u00e4limust.<br \/>\nTaim ise on tugev ja j\u00f5uline, suudab kasvada kuni 3\u20134 meetri k\u00f5rguseks.<br \/>\n&#171;Jasmina&#187; roos talub k\u00fclma kuni umbes -15\u00b0C, kuid k\u00fclmemates piirkondades on soovitatav kasutada talvekaitset, et tagada roosi tervis ja \u00f5itsemine j\u00e4rgmisel hooajal.<\/p>\n","protected":false},"featured_media":1006307,"template":"","meta":{"inline_featured_image":false},"product_brand":[],"product_cat":[987],"product_tag":[],"class_list":{"0":"post-1006306","1":"product","2":"type-product","3":"status-publish","4":"has-post-thumbnail","6":"product_cat-roniroosid","8":"first","9":"instock","10":"shipping-taxable","11":"purchasable","12":"product-type-simple"},"_links":{"self":[{"href":"https:\/\/viruplant.ee\/ru\/wp-json\/wp\/v2\/product\/1006306","targetHints":{"allow":["GET"]}}],"collection":[{"href":"https:\/\/viruplant.ee\/ru\/wp-json\/wp\/v2\/product"}],"about":[{"href":"https:\/\/viruplant.ee\/ru\/wp-json\/wp\/v2\/types\/product"}],"wp:featuredmedia":[{"embeddable":true,"href":"https:\/\/viruplant.ee\/ru\/wp-json\/wp\/v2\/media\/1006307"}],"wp:attachment":[{"href":"https:\/\/viruplant.ee\/ru\/wp-json\/wp\/v2\/media?parent=1006306"}],"wp:term":[{"taxonomy":"product_brand","embeddable":true,"href":"https:\/\/viruplant.ee\/ru\/wp-json\/wp\/v2\/product_brand?post=1006306"},{"taxonomy":"product_cat","embeddable":true,"href":"https:\/\/viruplant.ee\/ru\/wp-json\/wp\/v2\/product_cat?post=1006306"},{"taxonomy":"product_tag","embeddable":true,"href":"https:\/\/viruplant.ee\/ru\/wp-json\/wp\/v2\/product_tag?post=1006306"}],"curies":[{"name":"wp","href":"https:\/\/api.w.org\/{rel}","templated":true}]}}