{"id":1006298,"date":"2025-04-27T11:50:13","date_gmt":"2025-04-27T11:50:13","guid":{"rendered":"https:\/\/viruplant.ee\/?post_type=product&#038;p=1006298"},"modified":"2026-03-13T06:41:33","modified_gmt":"2026-03-13T06:41:33","slug":"roos-indiane","status":"publish","type":"product","link":"https:\/\/viruplant.ee\/ru\/product\/roos-indiane\/","title":{"rendered":"Roos &#171;Indiane&#187;"},"content":{"rendered":"<div class=\"vgblk-rw-wrapper limit-wrapper\"><strong>Roos &#171;Indiane&#187;<br \/>\nSuurus: Taimepott P19<\/strong>\n<\/div>\n<p><!-- .vgblk-rw-wrapper --><\/p>\n","protected":false},"excerpt":{"rendered":"<p><strong>Roos &#171;Indiane&#187;<br \/>\nSuurus: Taimepott P19<\/strong><br \/>\nRoos &#171;Indiane&#187; on kollane v\u00f5i kollakas-oran\u017e. \u00d5ied on tavaliselt kollased, mis muutuvad oran\u017eiks, ning v\u00f5ivad olla ka oran\u017ei ja punase segu toonides. Taim ise on tugeva kasvu ja hargnevusega, pakkudes pidevat \u00f5itsemist kogu suve jooksul. \u00d5itsemise ajal toob see roos aeda sooja ja ereda v\u00e4rvi, mis silmapaistvalt t\u00f5mbab t\u00e4helepanu.<\/p>\n","protected":false},"featured_media":1006299,"template":"","meta":{"inline_featured_image":false},"product_brand":[],"product_cat":[986],"product_tag":[],"class_list":{"0":"post-1006298","1":"product","2":"type-product","3":"status-publish","4":"has-post-thumbnail","6":"product_cat-roosid-2","8":"first","9":"instock","10":"shipping-taxable","11":"purchasable","12":"product-type-simple"},"_links":{"self":[{"href":"https:\/\/viruplant.ee\/ru\/wp-json\/wp\/v2\/product\/1006298","targetHints":{"allow":["GET"]}}],"collection":[{"href":"https:\/\/viruplant.ee\/ru\/wp-json\/wp\/v2\/product"}],"about":[{"href":"https:\/\/viruplant.ee\/ru\/wp-json\/wp\/v2\/types\/product"}],"wp:featuredmedia":[{"embeddable":true,"href":"https:\/\/viruplant.ee\/ru\/wp-json\/wp\/v2\/media\/1006299"}],"wp:attachment":[{"href":"https:\/\/viruplant.ee\/ru\/wp-json\/wp\/v2\/media?parent=1006298"}],"wp:term":[{"taxonomy":"product_brand","embeddable":true,"href":"https:\/\/viruplant.ee\/ru\/wp-json\/wp\/v2\/product_brand?post=1006298"},{"taxonomy":"product_cat","embeddable":true,"href":"https:\/\/viruplant.ee\/ru\/wp-json\/wp\/v2\/product_cat?post=1006298"},{"taxonomy":"product_tag","embeddable":true,"href":"https:\/\/viruplant.ee\/ru\/wp-json\/wp\/v2\/product_tag?post=1006298"}],"curies":[{"name":"wp","href":"https:\/\/api.w.org\/{rel}","templated":true}]}}