{"id":1006295,"date":"2025-04-27T11:37:30","date_gmt":"2025-04-27T11:37:30","guid":{"rendered":"https:\/\/viruplant.ee\/?post_type=product&#038;p=1006295"},"modified":"2026-03-13T06:42:24","modified_gmt":"2026-03-13T06:42:24","slug":"roos-hotline","status":"publish","type":"product","link":"https:\/\/viruplant.ee\/ru\/product\/roos-hotline\/","title":{"rendered":"Roos &#171;Hotline&#187;"},"content":{"rendered":"<div class=\"vgblk-rw-wrapper limit-wrapper\"><strong>Roos &#171;Hotline&#187;<br \/>\nSuurus: Taimepott P19<\/strong>\n<\/div>\n<p><!-- .vgblk-rw-wrapper --><\/p>\n","protected":false},"excerpt":{"rendered":"<p><strong>Roos &#171;Hotline&#187;<br \/>\nSuurus: Taimepott P19<\/strong><br \/>\nRoos &#171;Hotline&#187; on roosisort, mis on tuntud oma erksate, tumepunaste \u00f5ite poolest. \u00d5ied on keskmise suurusega, t\u00e4idlased ja neil on kaunis \u00fcmar kuju, pakkudes silmapaistvat v\u00e4rvi ja luksuslikku \u00f5itsemist. \u00d5ied on tihedad ja neil on meeldiv l\u00f5hn. Taim ise on tugev ja tihedalt kasvav, ulatudes umbes 80 cm\u20131 meetri k\u00f5rgusele. Roos &#171;Hotline&#187; talub k\u00fclma kuni umbes -10\u00b0C, kuid k\u00fclmemates piirkondades on soovitatav roosi talveks kaitsta.<\/p>\n","protected":false},"featured_media":1006296,"template":"","meta":{"inline_featured_image":false},"product_brand":[],"product_cat":[986],"product_tag":[],"class_list":{"0":"post-1006295","1":"product","2":"type-product","3":"status-publish","4":"has-post-thumbnail","6":"product_cat-roosid-2","8":"first","9":"instock","10":"shipping-taxable","11":"purchasable","12":"product-type-simple"},"_links":{"self":[{"href":"https:\/\/viruplant.ee\/ru\/wp-json\/wp\/v2\/product\/1006295","targetHints":{"allow":["GET"]}}],"collection":[{"href":"https:\/\/viruplant.ee\/ru\/wp-json\/wp\/v2\/product"}],"about":[{"href":"https:\/\/viruplant.ee\/ru\/wp-json\/wp\/v2\/types\/product"}],"wp:featuredmedia":[{"embeddable":true,"href":"https:\/\/viruplant.ee\/ru\/wp-json\/wp\/v2\/media\/1006296"}],"wp:attachment":[{"href":"https:\/\/viruplant.ee\/ru\/wp-json\/wp\/v2\/media?parent=1006295"}],"wp:term":[{"taxonomy":"product_brand","embeddable":true,"href":"https:\/\/viruplant.ee\/ru\/wp-json\/wp\/v2\/product_brand?post=1006295"},{"taxonomy":"product_cat","embeddable":true,"href":"https:\/\/viruplant.ee\/ru\/wp-json\/wp\/v2\/product_cat?post=1006295"},{"taxonomy":"product_tag","embeddable":true,"href":"https:\/\/viruplant.ee\/ru\/wp-json\/wp\/v2\/product_tag?post=1006295"}],"curies":[{"name":"wp","href":"https:\/\/api.w.org\/{rel}","templated":true}]}}