{"id":1006292,"date":"2025-04-27T11:19:36","date_gmt":"2025-04-27T11:19:36","guid":{"rendered":"https:\/\/viruplant.ee\/?post_type=product&#038;p=1006292"},"modified":"2026-03-19T11:47:10","modified_gmt":"2026-03-19T11:47:10","slug":"roos-herzogin-christiana","status":"publish","type":"product","link":"https:\/\/viruplant.ee\/ru\/product\/roos-herzogin-christiana\/","title":{"rendered":"Roos &#171;Herzogin Christiana&#187;"},"content":{"rendered":"<div class=\"vgblk-rw-wrapper limit-wrapper\"><strong>Roos &#171;Herzogin Christiana&#187;<br \/>\nSuurus: Taimepott P19<\/strong>\n<\/div>\n<p><!-- .vgblk-rw-wrapper --><\/p>\n","protected":false},"excerpt":{"rendered":"<p><strong>Roos &#171;Herzogin Christiana&#187;<br \/>\nSuurus: Taimepott P19<\/strong><br \/>\nRoos &#171;Herzogin Christiana&#187; on suurep\u00e4rane valik neile, kes otsivad aeda elegantset ja l\u00f5hnavat roosi. Sellel roosil on suured, t\u00e4idlased \u00f5ied, mis on pehmed roosad v\u00f5i kreemjad, m\u00f5nikord kergete valgete toonidega servades. \u00d5ied on t\u00e4is ja tihedad, pakkudes roosile klassikalist v\u00e4limust, samas kui \u00f5rn l\u00f5hn teeb ta veelgi atraktiivsemaks. Taim on tugev ja kompaktne, ulatudes umbes 1\u20131,2 meetri k\u00f5rgusele, moodustades tiheda p\u00f5\u00f5sa.<br \/>\nRoos talub k\u00fclma kuni umbes -10\u00b0C, kuid k\u00fclmemates piirkondades on hea kasutada talvekaitset.<\/p>\n","protected":false},"featured_media":1006293,"template":"","meta":{"inline_featured_image":false},"product_brand":[],"product_cat":[986,1026],"product_tag":[],"class_list":{"0":"post-1006292","1":"product","2":"type-product","3":"status-publish","4":"has-post-thumbnail","6":"product_cat-roosid-2","7":"product_cat-kliendid-valivad","9":"first","10":"instock","11":"shipping-taxable","12":"purchasable","13":"product-type-simple"},"_links":{"self":[{"href":"https:\/\/viruplant.ee\/ru\/wp-json\/wp\/v2\/product\/1006292","targetHints":{"allow":["GET"]}}],"collection":[{"href":"https:\/\/viruplant.ee\/ru\/wp-json\/wp\/v2\/product"}],"about":[{"href":"https:\/\/viruplant.ee\/ru\/wp-json\/wp\/v2\/types\/product"}],"wp:featuredmedia":[{"embeddable":true,"href":"https:\/\/viruplant.ee\/ru\/wp-json\/wp\/v2\/media\/1006293"}],"wp:attachment":[{"href":"https:\/\/viruplant.ee\/ru\/wp-json\/wp\/v2\/media?parent=1006292"}],"wp:term":[{"taxonomy":"product_brand","embeddable":true,"href":"https:\/\/viruplant.ee\/ru\/wp-json\/wp\/v2\/product_brand?post=1006292"},{"taxonomy":"product_cat","embeddable":true,"href":"https:\/\/viruplant.ee\/ru\/wp-json\/wp\/v2\/product_cat?post=1006292"},{"taxonomy":"product_tag","embeddable":true,"href":"https:\/\/viruplant.ee\/ru\/wp-json\/wp\/v2\/product_tag?post=1006292"}],"curies":[{"name":"wp","href":"https:\/\/api.w.org\/{rel}","templated":true}]}}