{"id":1006289,"date":"2025-04-27T11:16:44","date_gmt":"2025-04-27T11:16:44","guid":{"rendered":"https:\/\/viruplant.ee\/?post_type=product&#038;p=1006289"},"modified":"2026-03-13T06:42:37","modified_gmt":"2026-03-13T06:42:37","slug":"roos-helga","status":"publish","type":"product","link":"https:\/\/viruplant.ee\/ru\/product\/roos-helga\/","title":{"rendered":"Roos &#171;Helga&#187;"},"content":{"rendered":"<div class=\"vgblk-rw-wrapper limit-wrapper\"><strong>Roos &#171;Helga&#187;<br \/>\nSuurus: Taimepott P19<\/strong>\n<\/div>\n<p><!-- .vgblk-rw-wrapper --><\/p>\n","protected":false},"excerpt":{"rendered":"<p><strong>Roos &#171;Helga&#187;<br \/>\nSuurus: Taimepott P19<\/strong><br \/>\nRoos &#171;Helga&#187; on v\u00e4ga kaunis ja \u00f5rn roosisort, millel on suured t\u00e4idlased \u00f5ied &#8212; heleroosad v\u00f5i kreemikad. \u00d5ied on tihedad ja \u00fcmarad, andes roosile klassikalise v\u00e4limuse. L\u00f5hn on \u00f5rn, kuid meeldiv, lisades t\u00e4iendavat v\u00f5lu.<br \/>\nTaim on \u00fcsna kompaktne, ulatudes umbes 80 cm kuni 1 meetri k\u00f5rguseks. See teeb ta sobivaks v\u00e4iksematesse aedadesse, piirete \u00e4\u00e4rde v\u00f5i potitaimena. &#171;Helga&#187; roos \u00f5itseb pidevalt terve suve jooksul, pakkudes aeda ilusaid ja v\u00e4rvik\u00fcllaseid \u00f5isi. &#171;Helga&#187; on k\u00fclmakindel kuni umbes -10\u00b0C, kuid k\u00fclmemates piirkondades v\u00f5ib talveks olla hea kaitsta teda mult\u0161i v\u00f5i talvekaitsega.<\/p>\n","protected":false},"featured_media":1006290,"template":"","meta":{"inline_featured_image":false},"product_brand":[],"product_cat":[986],"product_tag":[],"class_list":{"0":"post-1006289","1":"product","2":"type-product","3":"status-publish","4":"has-post-thumbnail","6":"product_cat-roosid-2","8":"first","9":"instock","10":"shipping-taxable","11":"purchasable","12":"product-type-simple"},"_links":{"self":[{"href":"https:\/\/viruplant.ee\/ru\/wp-json\/wp\/v2\/product\/1006289","targetHints":{"allow":["GET"]}}],"collection":[{"href":"https:\/\/viruplant.ee\/ru\/wp-json\/wp\/v2\/product"}],"about":[{"href":"https:\/\/viruplant.ee\/ru\/wp-json\/wp\/v2\/types\/product"}],"wp:featuredmedia":[{"embeddable":true,"href":"https:\/\/viruplant.ee\/ru\/wp-json\/wp\/v2\/media\/1006290"}],"wp:attachment":[{"href":"https:\/\/viruplant.ee\/ru\/wp-json\/wp\/v2\/media?parent=1006289"}],"wp:term":[{"taxonomy":"product_brand","embeddable":true,"href":"https:\/\/viruplant.ee\/ru\/wp-json\/wp\/v2\/product_brand?post=1006289"},{"taxonomy":"product_cat","embeddable":true,"href":"https:\/\/viruplant.ee\/ru\/wp-json\/wp\/v2\/product_cat?post=1006289"},{"taxonomy":"product_tag","embeddable":true,"href":"https:\/\/viruplant.ee\/ru\/wp-json\/wp\/v2\/product_tag?post=1006289"}],"curies":[{"name":"wp","href":"https:\/\/api.w.org\/{rel}","templated":true}]}}