{"id":1006286,"date":"2025-04-27T11:12:59","date_gmt":"2025-04-27T11:12:59","guid":{"rendered":"https:\/\/viruplant.ee\/?post_type=product&#038;p=1006286"},"modified":"2026-03-13T06:42:43","modified_gmt":"2026-03-13T06:42:43","slug":"roos-grosherzogin-luise","status":"publish","type":"product","link":"https:\/\/viruplant.ee\/ru\/product\/roos-grosherzogin-luise\/","title":{"rendered":"Roos &#171;Grosherzogin Luise&#187;"},"content":{"rendered":"<div class=\"vgblk-rw-wrapper limit-wrapper\"><strong>Roos &#171;Grosherzogin Luise&#187;<br \/>\nSuurus: Taimepott P19<\/strong>\n<\/div>\n<p><!-- .vgblk-rw-wrapper --><\/p>\n","protected":false},"excerpt":{"rendered":"<p><strong>Roos &#171;Grosherzogin Luise&#187;<br \/>\nSuurus: Taimepott P19<\/strong><br \/>\nRoos &#171;Gro\u00dfherzogin Luise&#187; on klassikaline roosisort, millel on suured, t\u00e4idlased \u00f5ied, peamiselt roosad v\u00f5i roosakalt valged, sageli pehme kreemja tooniga. \u00d5ied on tihedad ja kauni vormiga, pakkudes aeda peent ja romantilist v\u00e4limust. Taim ise on kompaktne, ulatudes umbes 1,2\u20131,5 meetri k\u00f5rgusele. Eelistab p\u00e4ikeselist v\u00f5i poolvarjulist asukohta ning viljakat, h\u00e4sti kuivendatud mulda. Roos &#171;Gro\u00dfherzogin Luise&#187; talub h\u00e4sti k\u00fclma, kuid k\u00fclmemates piirkondades on soovitatav taim talveks kaitsta. <\/p>\n","protected":false},"featured_media":1006287,"template":"","meta":{"inline_featured_image":false},"product_brand":[],"product_cat":[986],"product_tag":[],"class_list":{"0":"post-1006286","1":"product","2":"type-product","3":"status-publish","4":"has-post-thumbnail","6":"product_cat-roosid-2","8":"first","9":"instock","10":"shipping-taxable","11":"purchasable","12":"product-type-simple"},"_links":{"self":[{"href":"https:\/\/viruplant.ee\/ru\/wp-json\/wp\/v2\/product\/1006286","targetHints":{"allow":["GET"]}}],"collection":[{"href":"https:\/\/viruplant.ee\/ru\/wp-json\/wp\/v2\/product"}],"about":[{"href":"https:\/\/viruplant.ee\/ru\/wp-json\/wp\/v2\/types\/product"}],"wp:featuredmedia":[{"embeddable":true,"href":"https:\/\/viruplant.ee\/ru\/wp-json\/wp\/v2\/media\/1006287"}],"wp:attachment":[{"href":"https:\/\/viruplant.ee\/ru\/wp-json\/wp\/v2\/media?parent=1006286"}],"wp:term":[{"taxonomy":"product_brand","embeddable":true,"href":"https:\/\/viruplant.ee\/ru\/wp-json\/wp\/v2\/product_brand?post=1006286"},{"taxonomy":"product_cat","embeddable":true,"href":"https:\/\/viruplant.ee\/ru\/wp-json\/wp\/v2\/product_cat?post=1006286"},{"taxonomy":"product_tag","embeddable":true,"href":"https:\/\/viruplant.ee\/ru\/wp-json\/wp\/v2\/product_tag?post=1006286"}],"curies":[{"name":"wp","href":"https:\/\/api.w.org\/{rel}","templated":true}]}}