{"id":1006282,"date":"2025-04-27T11:07:36","date_gmt":"2025-04-27T11:07:36","guid":{"rendered":"https:\/\/viruplant.ee\/?post_type=product&#038;p=1006282"},"modified":"2026-03-13T06:42:49","modified_gmt":"2026-03-13T06:42:49","slug":"roos-grafin-elke-zu-rantzau","status":"publish","type":"product","link":"https:\/\/viruplant.ee\/ru\/product\/roos-grafin-elke-zu-rantzau\/","title":{"rendered":"Roos &#171;Gr\u00e4fin Elke zu Rantzau&#187;"},"content":{"rendered":"<div class=\"vgblk-rw-wrapper limit-wrapper\"><strong>Roos &#171;Gr\u00e4fin Elke zu Rantzau&#187;<br \/>\nSuurus: Taimepott P19<\/strong>\n<\/div>\n<p><!-- .vgblk-rw-wrapper --><\/p>\n","protected":false},"excerpt":{"rendered":"<p><strong>Roos &#171;Gr\u00e4fin Elke zu Rantzau&#187;<br \/>\nSuurus: Taimepott P19<\/strong><br \/>\nRoos &#171;Gr\u00e4fin Elke zu Rantzau&#187; on elegantne ja silmapaistev roosisort, millel on suured, t\u00e4idlased ja kaunid \u00f5ied. \u00d5ied on tavaliselt roosad, tihti pehmed ja heledad, m\u00f5nikord \u00f5rnalt valge servaga, andes neile pehme ja romantilise v\u00e4limuse. \u00d5ied on tihedad ja meeldiva l\u00f5hnaga. Roos &#171;Gr\u00e4fin Elke zu Rantzau&#187; talub h\u00e4sti k\u00fclma, kuid k\u00fclmemates piirkondades on soovitatav taim talveks kaitsta. <\/p>\n","protected":false},"featured_media":1006283,"template":"","meta":{"inline_featured_image":false},"product_brand":[],"product_cat":[986],"product_tag":[],"class_list":{"0":"post-1006282","1":"product","2":"type-product","3":"status-publish","4":"has-post-thumbnail","6":"product_cat-roosid-2","8":"first","9":"instock","10":"shipping-taxable","11":"purchasable","12":"product-type-simple"},"_links":{"self":[{"href":"https:\/\/viruplant.ee\/ru\/wp-json\/wp\/v2\/product\/1006282","targetHints":{"allow":["GET"]}}],"collection":[{"href":"https:\/\/viruplant.ee\/ru\/wp-json\/wp\/v2\/product"}],"about":[{"href":"https:\/\/viruplant.ee\/ru\/wp-json\/wp\/v2\/types\/product"}],"wp:featuredmedia":[{"embeddable":true,"href":"https:\/\/viruplant.ee\/ru\/wp-json\/wp\/v2\/media\/1006283"}],"wp:attachment":[{"href":"https:\/\/viruplant.ee\/ru\/wp-json\/wp\/v2\/media?parent=1006282"}],"wp:term":[{"taxonomy":"product_brand","embeddable":true,"href":"https:\/\/viruplant.ee\/ru\/wp-json\/wp\/v2\/product_brand?post=1006282"},{"taxonomy":"product_cat","embeddable":true,"href":"https:\/\/viruplant.ee\/ru\/wp-json\/wp\/v2\/product_cat?post=1006282"},{"taxonomy":"product_tag","embeddable":true,"href":"https:\/\/viruplant.ee\/ru\/wp-json\/wp\/v2\/product_tag?post=1006282"}],"curies":[{"name":"wp","href":"https:\/\/api.w.org\/{rel}","templated":true}]}}