{"id":1006279,"date":"2025-04-27T11:04:15","date_gmt":"2025-04-27T11:04:15","guid":{"rendered":"https:\/\/viruplant.ee\/?post_type=product&#038;p=1006279"},"modified":"2026-03-13T06:42:56","modified_gmt":"2026-03-13T06:42:56","slug":"roos-grafin-diana","status":"publish","type":"product","link":"https:\/\/viruplant.ee\/ru\/product\/roos-grafin-diana\/","title":{"rendered":"Roos &#171;Gr\u00e4fin Diana&#187;"},"content":{"rendered":"<div class=\"vgblk-rw-wrapper limit-wrapper\"><strong>Roos &#171;Gr\u00e4fin Diana&#187;<br \/>\nSuurus: Taimepott P19<\/strong>\n<\/div>\n<p><!-- .vgblk-rw-wrapper --><\/p>\n","protected":false},"excerpt":{"rendered":"<p><strong>Roos &#171;Gr\u00e4fin Diana&#187;<br \/>\nSuurus: Taimepott P19<\/strong><br \/>\nRoos &#171;Gr\u00e4fin Diana&#187; on roosisort, millel on suured, t\u00e4idlased \u00f5ied, mis on pehme roosa v\u00e4rvusega, sageli kreemjate toonidega. \u00d5ied on rikkalikult t\u00e4idetud kroonlehtedega ja neil on \u00f5rn, meeldiv l\u00f5hn. Taim ise on tugev, h\u00e4sti hargneva v\u00f5raga, ulatudes umbes 1\u20131,2 meetri k\u00f5rgusele.<br \/>\n&#171;Gr\u00e4fin Diana&#187; talub h\u00e4sti k\u00fclma, kuid k\u00fclmemates piirkondades on soovitatav taim talveks kaitsta. <\/p>\n","protected":false},"featured_media":1006280,"template":"","meta":{"inline_featured_image":false},"product_brand":[],"product_cat":[986],"product_tag":[],"class_list":{"0":"post-1006279","1":"product","2":"type-product","3":"status-publish","4":"has-post-thumbnail","6":"product_cat-roosid-2","8":"first","9":"instock","10":"shipping-taxable","11":"purchasable","12":"product-type-simple"},"_links":{"self":[{"href":"https:\/\/viruplant.ee\/ru\/wp-json\/wp\/v2\/product\/1006279","targetHints":{"allow":["GET"]}}],"collection":[{"href":"https:\/\/viruplant.ee\/ru\/wp-json\/wp\/v2\/product"}],"about":[{"href":"https:\/\/viruplant.ee\/ru\/wp-json\/wp\/v2\/types\/product"}],"wp:featuredmedia":[{"embeddable":true,"href":"https:\/\/viruplant.ee\/ru\/wp-json\/wp\/v2\/media\/1006280"}],"wp:attachment":[{"href":"https:\/\/viruplant.ee\/ru\/wp-json\/wp\/v2\/media?parent=1006279"}],"wp:term":[{"taxonomy":"product_brand","embeddable":true,"href":"https:\/\/viruplant.ee\/ru\/wp-json\/wp\/v2\/product_brand?post=1006279"},{"taxonomy":"product_cat","embeddable":true,"href":"https:\/\/viruplant.ee\/ru\/wp-json\/wp\/v2\/product_cat?post=1006279"},{"taxonomy":"product_tag","embeddable":true,"href":"https:\/\/viruplant.ee\/ru\/wp-json\/wp\/v2\/product_tag?post=1006279"}],"curies":[{"name":"wp","href":"https:\/\/api.w.org\/{rel}","templated":true}]}}