{"id":1006276,"date":"2025-04-27T10:57:17","date_gmt":"2025-04-27T10:57:17","guid":{"rendered":"https:\/\/viruplant.ee\/?post_type=product&#038;p=1006276"},"modified":"2026-03-13T06:43:02","modified_gmt":"2026-03-13T06:43:02","slug":"roos-golden-gate","status":"publish","type":"product","link":"https:\/\/viruplant.ee\/ru\/product\/roos-golden-gate\/","title":{"rendered":"Roos &#171;Golden Gate&#187;"},"content":{"rendered":"<div class=\"vgblk-rw-wrapper limit-wrapper\"><strong>Roos &#171;Golden Gate&#187;<br \/>\nSuurus: Taimepott P19<\/strong>\n<\/div>\n<p><!-- .vgblk-rw-wrapper --><\/p>\n","protected":false},"excerpt":{"rendered":"<p><strong>Roos &#171;Golden Gate&#187;<br \/>\nSuurus: Taimepott P19<\/strong><br \/>\nRoos &#171;Golden Gate&#187; on roniroos  millel on suured, t\u00e4idlased \u00f5ied, mis on erksalt kuldsed v\u00f5i kollased. \u00d5ied v\u00f5ivad m\u00f5nikord muutuda vananedes oran\u017eikaks v\u00f5i roosakaks, pakkudes aeda sooje ja p\u00e4ikeselisi toone.<br \/>\nRoos &#171;Golden Gate&#187; talub k\u00fclma kuni umbes -10\u00b0C, kuid k\u00fclmemates piirkondades on soovitatav talveks kaitsta roosi.<\/p>\n","protected":false},"featured_media":1006277,"template":"","meta":{"inline_featured_image":false},"product_brand":[],"product_cat":[987],"product_tag":[],"class_list":{"0":"post-1006276","1":"product","2":"type-product","3":"status-publish","4":"has-post-thumbnail","6":"product_cat-roniroosid","8":"first","9":"instock","10":"shipping-taxable","11":"purchasable","12":"product-type-simple"},"_links":{"self":[{"href":"https:\/\/viruplant.ee\/ru\/wp-json\/wp\/v2\/product\/1006276","targetHints":{"allow":["GET"]}}],"collection":[{"href":"https:\/\/viruplant.ee\/ru\/wp-json\/wp\/v2\/product"}],"about":[{"href":"https:\/\/viruplant.ee\/ru\/wp-json\/wp\/v2\/types\/product"}],"wp:featuredmedia":[{"embeddable":true,"href":"https:\/\/viruplant.ee\/ru\/wp-json\/wp\/v2\/media\/1006277"}],"wp:attachment":[{"href":"https:\/\/viruplant.ee\/ru\/wp-json\/wp\/v2\/media?parent=1006276"}],"wp:term":[{"taxonomy":"product_brand","embeddable":true,"href":"https:\/\/viruplant.ee\/ru\/wp-json\/wp\/v2\/product_brand?post=1006276"},{"taxonomy":"product_cat","embeddable":true,"href":"https:\/\/viruplant.ee\/ru\/wp-json\/wp\/v2\/product_cat?post=1006276"},{"taxonomy":"product_tag","embeddable":true,"href":"https:\/\/viruplant.ee\/ru\/wp-json\/wp\/v2\/product_tag?post=1006276"}],"curies":[{"name":"wp","href":"https:\/\/api.w.org\/{rel}","templated":true}]}}