{"id":1006266,"date":"2025-04-27T10:35:34","date_gmt":"2025-04-27T10:35:34","guid":{"rendered":"https:\/\/viruplant.ee\/?post_type=product&#038;p=1006266"},"modified":"2026-03-13T06:43:21","modified_gmt":"2026-03-13T06:43:21","slug":"roos-gartenprinzessin-marie-jose","status":"publish","type":"product","link":"https:\/\/viruplant.ee\/ru\/product\/roos-gartenprinzessin-marie-jose\/","title":{"rendered":"Roos &#171;Gartenprinzessin Marie Jose&#187;"},"content":{"rendered":"<div class=\"vgblk-rw-wrapper limit-wrapper\"><strong>Roos &#171;Gartenprinzessin Marie Jose&#187;<br \/>\nSuurus: Taimepott P19<\/strong>\n<\/div>\n<p><!-- .vgblk-rw-wrapper --><\/p>\n","protected":false},"excerpt":{"rendered":"<p><strong>Roos &#171;Gartenprinzessin Marie Jose&#187;<br \/>\nSuurus: Taimepott P19<\/strong><br \/>\nRoos &#171;Gartenprinzessin Marie Jose&#187; on ilus ja elegantne roosisort, millel on suured, t\u00e4idlased ja roosad \u00f5ied, mis on sageli kaunistatud valgete v\u00f5i kreemjate servadega. \u00d5ied on tihedad ja neil on meeldiv l\u00f5hn, mis muudab selle sorti veelgi atraktiivsemaks. Taim ise on kompaktselt kasvav, ulatudes umbes 1\u20131,2 meetri k\u00f5rgusele. Talub h\u00e4sti k\u00fclma, kuid k\u00fclmemates piirkondades on soovitatav taim talveks kaitsta. <\/p>\n","protected":false},"featured_media":1006267,"template":"","meta":{"inline_featured_image":false},"product_brand":[],"product_cat":[986],"product_tag":[],"class_list":{"0":"post-1006266","1":"product","2":"type-product","3":"status-publish","4":"has-post-thumbnail","6":"product_cat-roosid-2","8":"first","9":"instock","10":"shipping-taxable","11":"purchasable","12":"product-type-simple"},"_links":{"self":[{"href":"https:\/\/viruplant.ee\/ru\/wp-json\/wp\/v2\/product\/1006266","targetHints":{"allow":["GET"]}}],"collection":[{"href":"https:\/\/viruplant.ee\/ru\/wp-json\/wp\/v2\/product"}],"about":[{"href":"https:\/\/viruplant.ee\/ru\/wp-json\/wp\/v2\/types\/product"}],"wp:featuredmedia":[{"embeddable":true,"href":"https:\/\/viruplant.ee\/ru\/wp-json\/wp\/v2\/media\/1006267"}],"wp:attachment":[{"href":"https:\/\/viruplant.ee\/ru\/wp-json\/wp\/v2\/media?parent=1006266"}],"wp:term":[{"taxonomy":"product_brand","embeddable":true,"href":"https:\/\/viruplant.ee\/ru\/wp-json\/wp\/v2\/product_brand?post=1006266"},{"taxonomy":"product_cat","embeddable":true,"href":"https:\/\/viruplant.ee\/ru\/wp-json\/wp\/v2\/product_cat?post=1006266"},{"taxonomy":"product_tag","embeddable":true,"href":"https:\/\/viruplant.ee\/ru\/wp-json\/wp\/v2\/product_tag?post=1006266"}],"curies":[{"name":"wp","href":"https:\/\/api.w.org\/{rel}","templated":true}]}}