{"id":1006263,"date":"2025-04-27T10:33:16","date_gmt":"2025-04-27T10:33:16","guid":{"rendered":"https:\/\/viruplant.ee\/?post_type=product&#038;p=1006263"},"modified":"2026-03-13T06:43:28","modified_gmt":"2026-03-13T06:43:28","slug":"roos-gabriel-oak","status":"publish","type":"product","link":"https:\/\/viruplant.ee\/ru\/product\/roos-gabriel-oak\/","title":{"rendered":"Roos &#171;Gabriel Oak&#187;"},"content":{"rendered":"<div class=\"vgblk-rw-wrapper limit-wrapper\"><strong>Roos &#171;Gabriel Oak&#187;<br \/>\nSuurus: Taimepott P19<\/strong>\n<\/div>\n<p><!-- .vgblk-rw-wrapper --><\/p>\n","protected":false},"excerpt":{"rendered":"<p><strong>Roos &#171;Gabriel Oak&#187;<br \/>\nSuurus: Taimepott P19<\/strong><br \/>\nRoos &#171;Gabriel Oak&#187; on Inglise roos, mis on tuntud oma elegantsete, suurte ja t\u00e4idlaste \u00f5ite poolest. \u00d5ied on roosad, sageli tumedamad keskelt ja heledamad servadelt, omades \u00f5rna ja meeldivat l\u00f5hna. Taim on tugeva kasvu ja h\u00e4sti hargneva v\u00f5raga, ulatudes tavaliselt 1,2\u20131,5 meetri k\u00f5rgusele ja moodustab tiheda p\u00f5\u00f5sa. Talub h\u00e4sti k\u00fclma, kuid k\u00fclmemates piirkondades on soovitatav taim talveks kaitsta, et tagada selle elluj\u00e4\u00e4mine.<\/p>\n","protected":false},"featured_media":1006264,"template":"","meta":{"inline_featured_image":false},"product_brand":[],"product_cat":[986],"product_tag":[],"class_list":{"0":"post-1006263","1":"product","2":"type-product","3":"status-publish","4":"has-post-thumbnail","6":"product_cat-roosid-2","8":"first","9":"instock","10":"shipping-taxable","11":"purchasable","12":"product-type-simple"},"_links":{"self":[{"href":"https:\/\/viruplant.ee\/ru\/wp-json\/wp\/v2\/product\/1006263","targetHints":{"allow":["GET"]}}],"collection":[{"href":"https:\/\/viruplant.ee\/ru\/wp-json\/wp\/v2\/product"}],"about":[{"href":"https:\/\/viruplant.ee\/ru\/wp-json\/wp\/v2\/types\/product"}],"wp:featuredmedia":[{"embeddable":true,"href":"https:\/\/viruplant.ee\/ru\/wp-json\/wp\/v2\/media\/1006264"}],"wp:attachment":[{"href":"https:\/\/viruplant.ee\/ru\/wp-json\/wp\/v2\/media?parent=1006263"}],"wp:term":[{"taxonomy":"product_brand","embeddable":true,"href":"https:\/\/viruplant.ee\/ru\/wp-json\/wp\/v2\/product_brand?post=1006263"},{"taxonomy":"product_cat","embeddable":true,"href":"https:\/\/viruplant.ee\/ru\/wp-json\/wp\/v2\/product_cat?post=1006263"},{"taxonomy":"product_tag","embeddable":true,"href":"https:\/\/viruplant.ee\/ru\/wp-json\/wp\/v2\/product_tag?post=1006263"}],"curies":[{"name":"wp","href":"https:\/\/api.w.org\/{rel}","templated":true}]}}