{"id":1006260,"date":"2025-04-27T10:29:10","date_gmt":"2025-04-27T10:29:10","guid":{"rendered":"https:\/\/viruplant.ee\/?post_type=product&#038;p=1006260"},"modified":"2026-03-13T06:43:34","modified_gmt":"2026-03-13T06:43:34","slug":"roos-fraulein-maria","status":"publish","type":"product","link":"https:\/\/viruplant.ee\/ru\/product\/roos-fraulein-maria\/","title":{"rendered":"Roos &#171;Fraulein Maria&#187;"},"content":{"rendered":"<div class=\"vgblk-rw-wrapper limit-wrapper\"><strong>Roos &#171;Fraulein Maria&#187;<br \/>\nSuurus: Taimepott P19<\/strong>\n<\/div>\n<p><!-- .vgblk-rw-wrapper --><\/p>\n","protected":false},"excerpt":{"rendered":"<p><strong>Roos &#171;Fraulein Maria&#187;<br \/>\nSuurus: Taimepott P19<\/strong><br \/>\nRoos &#171;Fr\u00e4ulein Maria&#187; on \u00f5rna roosa v\u00e4rvusega roos, mis pakub suurt ilu ja luksuslikku \u00f5itsemist. Tema t\u00e4idlased \u00f5ied on roosad, m\u00f5nikord veidi valkjas-roosad, ja neil on meeldiv \u00f5rn l\u00f5hn. Taim ise on \u00fcsna kompaktne ja kasvab umbes 80\u2013100 cm k\u00f5rguseks. Talub h\u00e4sti k\u00fclma, kuid k\u00fclmemates piirkondades on soovitatav taim talveks kaitsta. Seda saab teha n\u00e4iteks mult\u0161i v\u00f5i spetsiaalsete talvekaitsekottidega.<\/p>\n","protected":false},"featured_media":1006261,"template":"","meta":{"inline_featured_image":false},"product_brand":[],"product_cat":[986],"product_tag":[],"class_list":{"0":"post-1006260","1":"product","2":"type-product","3":"status-publish","4":"has-post-thumbnail","6":"product_cat-roosid-2","8":"first","9":"instock","10":"shipping-taxable","11":"purchasable","12":"product-type-simple"},"_links":{"self":[{"href":"https:\/\/viruplant.ee\/ru\/wp-json\/wp\/v2\/product\/1006260","targetHints":{"allow":["GET"]}}],"collection":[{"href":"https:\/\/viruplant.ee\/ru\/wp-json\/wp\/v2\/product"}],"about":[{"href":"https:\/\/viruplant.ee\/ru\/wp-json\/wp\/v2\/types\/product"}],"wp:featuredmedia":[{"embeddable":true,"href":"https:\/\/viruplant.ee\/ru\/wp-json\/wp\/v2\/media\/1006261"}],"wp:attachment":[{"href":"https:\/\/viruplant.ee\/ru\/wp-json\/wp\/v2\/media?parent=1006260"}],"wp:term":[{"taxonomy":"product_brand","embeddable":true,"href":"https:\/\/viruplant.ee\/ru\/wp-json\/wp\/v2\/product_brand?post=1006260"},{"taxonomy":"product_cat","embeddable":true,"href":"https:\/\/viruplant.ee\/ru\/wp-json\/wp\/v2\/product_cat?post=1006260"},{"taxonomy":"product_tag","embeddable":true,"href":"https:\/\/viruplant.ee\/ru\/wp-json\/wp\/v2\/product_tag?post=1006260"}],"curies":[{"name":"wp","href":"https:\/\/api.w.org\/{rel}","templated":true}]}}