{"id":1006254,"date":"2025-04-27T10:17:50","date_gmt":"2025-04-27T10:17:50","guid":{"rendered":"https:\/\/viruplant.ee\/?post_type=product&#038;p=1006254"},"modified":"2026-03-13T06:43:48","modified_gmt":"2026-03-13T06:43:48","slug":"roos-florentina","status":"publish","type":"product","link":"https:\/\/viruplant.ee\/ru\/product\/roos-florentina\/","title":{"rendered":"Roos &#171;Florentina&#187;"},"content":{"rendered":"<div class=\"vgblk-rw-wrapper limit-wrapper\"><strong>Roos &#171;Florentina&#187;<br \/>\nSuurus: Taimepott P19<\/strong>\n<\/div>\n<p><!-- .vgblk-rw-wrapper --><\/p>\n","protected":false},"excerpt":{"rendered":"<p><strong>Roos &#171;Florentina&#187;<br \/>\nSuurus: Taimepott P19<\/strong><br \/>\nRoniroos &#8216;Florentina&#8217; on tugev ja talvekindel sort. Taim kasvab kuni 2\u20133 meetri k\u00f5rguseks ja sobib h\u00e4sti pergolatele, trellidele v\u00f5i aedadele. \u00d5ied on suured, t\u00e4idlased ja s\u00fcgavpunased, meeldiva \u00f5rna l\u00f5hnaga. \u00d5itseb korduvalt kogu hooaja jooksul ning sobib h\u00e4sti ka l\u00f5ikamiseks. Lehed on tumerohelised ja nahkjad, hea haiguskindlusega. Eelistab p\u00e4ikeselist kasvukohta ja h\u00e4sti vett l\u00e4bilaskvat mulda.<\/p>\n","protected":false},"featured_media":1006255,"template":"","meta":{"inline_featured_image":false},"product_brand":[],"product_cat":[987],"product_tag":[],"class_list":{"0":"post-1006254","1":"product","2":"type-product","3":"status-publish","4":"has-post-thumbnail","6":"product_cat-roniroosid","8":"first","9":"instock","10":"shipping-taxable","11":"purchasable","12":"product-type-simple"},"_links":{"self":[{"href":"https:\/\/viruplant.ee\/ru\/wp-json\/wp\/v2\/product\/1006254","targetHints":{"allow":["GET"]}}],"collection":[{"href":"https:\/\/viruplant.ee\/ru\/wp-json\/wp\/v2\/product"}],"about":[{"href":"https:\/\/viruplant.ee\/ru\/wp-json\/wp\/v2\/types\/product"}],"wp:featuredmedia":[{"embeddable":true,"href":"https:\/\/viruplant.ee\/ru\/wp-json\/wp\/v2\/media\/1006255"}],"wp:attachment":[{"href":"https:\/\/viruplant.ee\/ru\/wp-json\/wp\/v2\/media?parent=1006254"}],"wp:term":[{"taxonomy":"product_brand","embeddable":true,"href":"https:\/\/viruplant.ee\/ru\/wp-json\/wp\/v2\/product_brand?post=1006254"},{"taxonomy":"product_cat","embeddable":true,"href":"https:\/\/viruplant.ee\/ru\/wp-json\/wp\/v2\/product_cat?post=1006254"},{"taxonomy":"product_tag","embeddable":true,"href":"https:\/\/viruplant.ee\/ru\/wp-json\/wp\/v2\/product_tag?post=1006254"}],"curies":[{"name":"wp","href":"https:\/\/api.w.org\/{rel}","templated":true}]}}