{"id":1006250,"date":"2025-04-26T13:02:12","date_gmt":"2025-04-26T13:02:12","guid":{"rendered":"https:\/\/viruplant.ee\/?post_type=product&#038;p=1006250"},"modified":"2026-03-13T06:44:36","modified_gmt":"2026-03-13T06:44:36","slug":"roos-fairy-queen","status":"publish","type":"product","link":"https:\/\/viruplant.ee\/ru\/product\/roos-fairy-queen\/","title":{"rendered":"Roos &#171;Fairy Queen&#187;"},"content":{"rendered":"<div class=\"vgblk-rw-wrapper limit-wrapper\"><strong>Roos &#171;Fairy Queen&#187;<br \/>\nSuurus: Taimepott P19<\/strong>\n<\/div>\n<p><!-- .vgblk-rw-wrapper --><\/p>\n","protected":false},"excerpt":{"rendered":"<p><strong>Roos &#171;Fairy Queen&#187;<br \/>\nSuurus: Taimepott P19<\/strong><br \/>\nRoos &#171;Fairy Queen&#187; on kompaktne ja lummavalt ilus floribunda roos, mille \u00f5ied on kreemikasvalged, kollased ja laimiroheline toon, millele lisanduvad punased \u00e4\u00e4red. Taim ise kasvab umbes 40\u201360 cm k\u00f5rguseks ja on kompaktse, tiheda kasvuvormiga. Fairy Queen \u00f5itseb korduvate \u00f5iekimpudena, pakkudes v\u00e4rvi ja ilu kogu suve ja s\u00fcgise jooksul. Taim on haiguskindel, talub k\u00fclma, ning sobib h\u00e4sti t\u00e4isp\u00e4ikesesse v\u00f5i poolvarju, h\u00e4sti kuivendatud mulda. Seda roosi saab kasutada l\u00f5ikelilleks, aiapeenardes v\u00f5i isegi pottides, andes aiale kauni ja v\u00e4rvilise ilme.<\/p>\n","protected":false},"featured_media":1006251,"template":"","meta":{"inline_featured_image":false},"product_brand":[],"product_cat":[986],"product_tag":[],"class_list":{"0":"post-1006250","1":"product","2":"type-product","3":"status-publish","4":"has-post-thumbnail","6":"product_cat-roosid-2","8":"first","9":"instock","10":"shipping-taxable","11":"purchasable","12":"product-type-simple"},"_links":{"self":[{"href":"https:\/\/viruplant.ee\/ru\/wp-json\/wp\/v2\/product\/1006250","targetHints":{"allow":["GET"]}}],"collection":[{"href":"https:\/\/viruplant.ee\/ru\/wp-json\/wp\/v2\/product"}],"about":[{"href":"https:\/\/viruplant.ee\/ru\/wp-json\/wp\/v2\/types\/product"}],"wp:featuredmedia":[{"embeddable":true,"href":"https:\/\/viruplant.ee\/ru\/wp-json\/wp\/v2\/media\/1006251"}],"wp:attachment":[{"href":"https:\/\/viruplant.ee\/ru\/wp-json\/wp\/v2\/media?parent=1006250"}],"wp:term":[{"taxonomy":"product_brand","embeddable":true,"href":"https:\/\/viruplant.ee\/ru\/wp-json\/wp\/v2\/product_brand?post=1006250"},{"taxonomy":"product_cat","embeddable":true,"href":"https:\/\/viruplant.ee\/ru\/wp-json\/wp\/v2\/product_cat?post=1006250"},{"taxonomy":"product_tag","embeddable":true,"href":"https:\/\/viruplant.ee\/ru\/wp-json\/wp\/v2\/product_tag?post=1006250"}],"curies":[{"name":"wp","href":"https:\/\/api.w.org\/{rel}","templated":true}]}}