{"id":1006247,"date":"2025-04-26T12:49:35","date_gmt":"2025-04-26T12:49:35","guid":{"rendered":"https:\/\/viruplant.ee\/?post_type=product&#038;p=1006247"},"modified":"2026-03-13T06:44:44","modified_gmt":"2026-03-13T06:44:44","slug":"roos-fairy-princess","status":"publish","type":"product","link":"https:\/\/viruplant.ee\/ru\/product\/roos-fairy-princess\/","title":{"rendered":"Roos &#171;Fairy Princess&#187;"},"content":{"rendered":"<div class=\"vgblk-rw-wrapper limit-wrapper\"><strong>Roos &#171;Fairy Princess&#187;<br \/>\nSuurus: Taimepott P19<\/strong>\n<\/div>\n<p><!-- .vgblk-rw-wrapper --><\/p>\n","protected":false},"excerpt":{"rendered":"<p><strong>Roos &#171;Fairy Princess&#187;<br \/>\nSuurus: Taimepott P19<\/strong><br \/>\nRoos &#8216;Fairy Princess&#8217; on v\u00e4ike, kuid silmapaistev floribunda roos, mis toob aeda v\u00e4rvi ja soojust oma roosade \u00f5itega. Sellel on rikkalik \u00f5itsemine suve algusest hiliss\u00fcgiseni, pakkudes pidevalt v\u00e4rvi ja ilu.<br \/>\nK\u00f5rgus: umbes 40 cm<br \/>\nLaius: umbes 60 cm<br \/>\nKasvuvorm: kompaktne, tihe p\u00f5\u00f5sas<br \/>\nTalvekindlus: hea, sobib Eesti talveoludesse, kui talveks kaitsta<\/p>\n","protected":false},"featured_media":1006248,"template":"","meta":{"inline_featured_image":false},"product_brand":[],"product_cat":[986],"product_tag":[],"class_list":{"0":"post-1006247","1":"product","2":"type-product","3":"status-publish","4":"has-post-thumbnail","6":"product_cat-roosid-2","8":"first","9":"instock","10":"shipping-taxable","11":"purchasable","12":"product-type-simple"},"_links":{"self":[{"href":"https:\/\/viruplant.ee\/ru\/wp-json\/wp\/v2\/product\/1006247","targetHints":{"allow":["GET"]}}],"collection":[{"href":"https:\/\/viruplant.ee\/ru\/wp-json\/wp\/v2\/product"}],"about":[{"href":"https:\/\/viruplant.ee\/ru\/wp-json\/wp\/v2\/types\/product"}],"wp:featuredmedia":[{"embeddable":true,"href":"https:\/\/viruplant.ee\/ru\/wp-json\/wp\/v2\/media\/1006248"}],"wp:attachment":[{"href":"https:\/\/viruplant.ee\/ru\/wp-json\/wp\/v2\/media?parent=1006247"}],"wp:term":[{"taxonomy":"product_brand","embeddable":true,"href":"https:\/\/viruplant.ee\/ru\/wp-json\/wp\/v2\/product_brand?post=1006247"},{"taxonomy":"product_cat","embeddable":true,"href":"https:\/\/viruplant.ee\/ru\/wp-json\/wp\/v2\/product_cat?post=1006247"},{"taxonomy":"product_tag","embeddable":true,"href":"https:\/\/viruplant.ee\/ru\/wp-json\/wp\/v2\/product_tag?post=1006247"}],"curies":[{"name":"wp","href":"https:\/\/api.w.org\/{rel}","templated":true}]}}