{"id":1006244,"date":"2025-04-26T12:44:55","date_gmt":"2025-04-26T12:44:55","guid":{"rendered":"https:\/\/viruplant.ee\/?post_type=product&#038;p=1006244"},"modified":"2026-03-13T06:44:51","modified_gmt":"2026-03-13T06:44:51","slug":"roos-escimo","status":"publish","type":"product","link":"https:\/\/viruplant.ee\/ru\/product\/roos-escimo\/","title":{"rendered":"Roos &#171;Escimo&#187;"},"content":{"rendered":"<div class=\"vgblk-rw-wrapper limit-wrapper\"><strong>Roos &#171;Escimo&#187;<br \/>\nSuurus: Taimepott P19<\/strong><\/p>\n<\/div>\n<p><!-- .vgblk-rw-wrapper --><\/p>\n","protected":false},"excerpt":{"rendered":"<p><strong>Roos &#171;Escimo&#187;<br \/>\nSuurus: Taimepott P19<\/strong><br \/>\nRoos &#171;Escimo&#187; on elegantne ja ajatu valge roosisort, mis paistab silma oma puhaste \u00f5itega, meenutades v\u00e4rskelt langenud lund. Escimo sobib suurep\u00e4raselt pulmadeks, pidulikeks s\u00fcndmusteks v\u00f5i igaks hetkeks, mil soovitakse lisada aeda v\u00f5i lillekimpudesse puhtuse ja elegantsi puudutust.<br \/>\nV\u00e4rv: puhtalt valge, meenutades v\u00e4rskelt langenud lund<br \/>\nL\u00f5hn: kerge, magus<br \/>\nK\u00f5rgus: umbes 80 cm<br \/>\nKasvuvorm: kompaktne, tihe p\u00f5\u00f5sas<br \/>\nTalvekindlus: hea, sobib Eesti talveoludesse, kui talveks kaitsta<br \/>\nKasvukoht: t\u00e4isp\u00e4ike v\u00f5i poolvari, h\u00e4sti kuivendatud muld<\/p>\n","protected":false},"featured_media":1006245,"template":"","meta":{"inline_featured_image":false},"product_brand":[],"product_cat":[986],"product_tag":[],"class_list":{"0":"post-1006244","1":"product","2":"type-product","3":"status-publish","4":"has-post-thumbnail","6":"product_cat-roosid-2","8":"first","9":"instock","10":"shipping-taxable","11":"purchasable","12":"product-type-simple"},"_links":{"self":[{"href":"https:\/\/viruplant.ee\/ru\/wp-json\/wp\/v2\/product\/1006244","targetHints":{"allow":["GET"]}}],"collection":[{"href":"https:\/\/viruplant.ee\/ru\/wp-json\/wp\/v2\/product"}],"about":[{"href":"https:\/\/viruplant.ee\/ru\/wp-json\/wp\/v2\/types\/product"}],"wp:featuredmedia":[{"embeddable":true,"href":"https:\/\/viruplant.ee\/ru\/wp-json\/wp\/v2\/media\/1006245"}],"wp:attachment":[{"href":"https:\/\/viruplant.ee\/ru\/wp-json\/wp\/v2\/media?parent=1006244"}],"wp:term":[{"taxonomy":"product_brand","embeddable":true,"href":"https:\/\/viruplant.ee\/ru\/wp-json\/wp\/v2\/product_brand?post=1006244"},{"taxonomy":"product_cat","embeddable":true,"href":"https:\/\/viruplant.ee\/ru\/wp-json\/wp\/v2\/product_cat?post=1006244"},{"taxonomy":"product_tag","embeddable":true,"href":"https:\/\/viruplant.ee\/ru\/wp-json\/wp\/v2\/product_tag?post=1006244"}],"curies":[{"name":"wp","href":"https:\/\/api.w.org\/{rel}","templated":true}]}}