{"id":1006241,"date":"2025-04-26T12:35:06","date_gmt":"2025-04-26T12:35:06","guid":{"rendered":"https:\/\/viruplant.ee\/?post_type=product&#038;p=1006241"},"modified":"2026-03-13T06:44:58","modified_gmt":"2026-03-13T06:44:58","slug":"roos-elfe","status":"publish","type":"product","link":"https:\/\/viruplant.ee\/ru\/product\/roos-elfe\/","title":{"rendered":"Roos &#171;Elfe&#187;"},"content":{"rendered":"<div class=\"vgblk-rw-wrapper limit-wrapper\"><strong>Roos &#171;Elfe&#187;<br \/>\nSuurus: Taimepott P19<\/strong><\/div>\n<p><!-- .vgblk-rw-wrapper --><\/p>\n","protected":false},"excerpt":{"rendered":"<p><strong>Roos &#171;Elfe&#187;<br \/>\nSuurus: Taimepott P19<\/strong><br \/>\nRoos &#171;Elfe&#187; on v\u00e4ga elegantne ja romantiline roos, mille \u00f5ied on suured, t\u00e4idetud ja \u00f5rnalt kreemikasvalged, vahel rohelise alatooniga. Need \u00f5ied on nagu v\u00e4ikesed kaunid roosipommid, mille l\u00f5hn on magus ja kerge, j\u00e4ttes puuviljaliku ja meeldiva j\u00e4lje. &#171;Elfe&#187; \u00f5itseb suve algusest kuni hiliss\u00fcgiseni, pakkudes aeda pidevalt v\u00e4rvi ja l\u00f5hna.<br \/>\nK\u00f5rgus: 200\u2013300 cm<br \/>\nLaius: kuni 150 cm<br \/>\nKasvuvorm: roniroos<br \/>\nTalvekindlus: kuni \u201329\u202f\u00b0C<br \/>\nKasvukoht: t\u00e4isp\u00e4ike v\u00f5i poolvari, h\u00e4sti kuivendatud muld<\/p>\n","protected":false},"featured_media":1006242,"template":"","meta":{"inline_featured_image":false},"product_brand":[],"product_cat":[987],"product_tag":[],"class_list":{"0":"post-1006241","1":"product","2":"type-product","3":"status-publish","4":"has-post-thumbnail","6":"product_cat-roniroosid","8":"first","9":"instock","10":"shipping-taxable","11":"purchasable","12":"product-type-simple"},"_links":{"self":[{"href":"https:\/\/viruplant.ee\/ru\/wp-json\/wp\/v2\/product\/1006241","targetHints":{"allow":["GET"]}}],"collection":[{"href":"https:\/\/viruplant.ee\/ru\/wp-json\/wp\/v2\/product"}],"about":[{"href":"https:\/\/viruplant.ee\/ru\/wp-json\/wp\/v2\/types\/product"}],"wp:featuredmedia":[{"embeddable":true,"href":"https:\/\/viruplant.ee\/ru\/wp-json\/wp\/v2\/media\/1006242"}],"wp:attachment":[{"href":"https:\/\/viruplant.ee\/ru\/wp-json\/wp\/v2\/media?parent=1006241"}],"wp:term":[{"taxonomy":"product_brand","embeddable":true,"href":"https:\/\/viruplant.ee\/ru\/wp-json\/wp\/v2\/product_brand?post=1006241"},{"taxonomy":"product_cat","embeddable":true,"href":"https:\/\/viruplant.ee\/ru\/wp-json\/wp\/v2\/product_cat?post=1006241"},{"taxonomy":"product_tag","embeddable":true,"href":"https:\/\/viruplant.ee\/ru\/wp-json\/wp\/v2\/product_tag?post=1006241"}],"curies":[{"name":"wp","href":"https:\/\/api.w.org\/{rel}","templated":true}]}}