{"id":1006234,"date":"2025-04-26T12:26:49","date_gmt":"2025-04-26T12:26:49","guid":{"rendered":"https:\/\/viruplant.ee\/?post_type=product&#038;p=1006234"},"modified":"2026-03-13T06:45:35","modified_gmt":"2026-03-13T06:45:35","slug":"roos-duftfestival","status":"publish","type":"product","link":"https:\/\/viruplant.ee\/ru\/product\/roos-duftfestival\/","title":{"rendered":"Roos &#171;Duftfestival&#187;"},"content":{"rendered":"<div class=\"vgblk-rw-wrapper limit-wrapper\"><strong>Roos &#171;Duftfestival&#187;<br \/>\nSuurus: Taimepott P19<\/strong>\n<\/div>\n<p><!-- .vgblk-rw-wrapper --><\/p>\n","protected":false},"excerpt":{"rendered":"<p><strong>Roos &#171;Duftfestival&#187;<br \/>\nSuurus: Taimepott P19<\/strong><br \/>\nRoos &#171;Duftfestival&#187; on t\u00f5eline aedade kaunistaja, eriti oma suurep\u00e4rase l\u00f5hna poolest. Sellel roosil on tumepunased, t\u00e4idetud \u00f5ied, millel on \u0161ampanjakujuline kuju. \u00d5ied on mitte ainult ilusad, vaid ka l\u00f5hnavad erakordselt tugevalt ja magusalt, mis muudab selle suurep\u00e4raseks valikuks l\u00f5ikelilleks ja aiakaunistuseks.<br \/>\nTaim ise on keskmise suurusega, ulatudes umbes 60\u2013100 cm k\u00f5rguseks, ning sellel on tihedad, tumerohelised l\u00e4ikivad lehed. &#171;Duftfestival&#187; \u00f5itseb pidevalt kogu suve ja s\u00fcgise jooksul, pakkudes pidevat ilu ja l\u00f5hna.<\/p>\n","protected":false},"featured_media":1006235,"template":"","meta":{"inline_featured_image":false},"product_brand":[],"product_cat":[986],"product_tag":[],"class_list":{"0":"post-1006234","1":"product","2":"type-product","3":"status-publish","4":"has-post-thumbnail","6":"product_cat-roosid-2","8":"first","9":"instock","10":"shipping-taxable","11":"purchasable","12":"product-type-simple"},"_links":{"self":[{"href":"https:\/\/viruplant.ee\/ru\/wp-json\/wp\/v2\/product\/1006234","targetHints":{"allow":["GET"]}}],"collection":[{"href":"https:\/\/viruplant.ee\/ru\/wp-json\/wp\/v2\/product"}],"about":[{"href":"https:\/\/viruplant.ee\/ru\/wp-json\/wp\/v2\/types\/product"}],"wp:featuredmedia":[{"embeddable":true,"href":"https:\/\/viruplant.ee\/ru\/wp-json\/wp\/v2\/media\/1006235"}],"wp:attachment":[{"href":"https:\/\/viruplant.ee\/ru\/wp-json\/wp\/v2\/media?parent=1006234"}],"wp:term":[{"taxonomy":"product_brand","embeddable":true,"href":"https:\/\/viruplant.ee\/ru\/wp-json\/wp\/v2\/product_brand?post=1006234"},{"taxonomy":"product_cat","embeddable":true,"href":"https:\/\/viruplant.ee\/ru\/wp-json\/wp\/v2\/product_cat?post=1006234"},{"taxonomy":"product_tag","embeddable":true,"href":"https:\/\/viruplant.ee\/ru\/wp-json\/wp\/v2\/product_tag?post=1006234"}],"curies":[{"name":"wp","href":"https:\/\/api.w.org\/{rel}","templated":true}]}}